{"id":52900,"date":"2018-05-18T09:59:10","date_gmt":"2018-05-18T09:59:10","guid":{"rendered":"http:\/\/phygital.hr\/radio\/podrucja-djelovanja\/"},"modified":"2024-03-19T10:55:19","modified_gmt":"2024-03-19T10:55:19","slug":"podrucja-djelovanja","status":"publish","type":"page","link":"https:\/\/kbc-rijeka.hr\/radiofizika\/podrucja-djelovanja\/","title":{"rendered":"PODRU\u010cJA DJELOVANJA"},"content":{"rendered":"<p>[et_pb_section fb_built=&#8221;1&#8243; admin_label=&#8221;Center Aligned Text &#8221; _builder_version=&#8221;3.22&#8243; background_color=&#8221;#f8fbfe&#8221; use_background_color_gradient=&#8221;on&#8221; background_color_gradient_start=&#8221;#00c3d8&#8243; background_color_gradient_end=&#8221;#0780b5&#8243; background_color_gradient_direction=&#8221;135deg&#8221; background_image=&#8221;http:\/\/kbc-rijeka.hr\/radiofizika\/wp-content\/uploads\/2018\/01\/geometric-bg-overlay-01.jpg&#8221; background_blend=&#8221;overlay&#8221; custom_padding=&#8221;3%|0px|0%|0px&#8221; animation_style=&#8221;zoom&#8221; animation_direction=&#8221;bottom&#8221; animation_intensity_zoom=&#8221;8%&#8221; animation_starting_opacity=&#8221;100%&#8221;][et_pb_row _builder_version=&#8221;3.25&#8243; custom_padding=&#8221;25.0469px|0px|38px|0px&#8221;][et_pb_column type=&#8221;4_4&#8243; _builder_version=&#8221;3.25&#8243; custom_padding=&#8221;|||&#8221; custom_padding__hover=&#8221;|||&#8221;][et_pb_text _builder_version=&#8221;3.27.4&#8243; text_font=&#8221;||||||||&#8221; text_text_color=&#8221;#ffffff&#8221; text_font_size=&#8221;18px&#8221; text_line_height=&#8221;1.8em&#8221; header_font=&#8221;|700|||||||&#8221; header_font_size=&#8221;45px&#8221; header_line_height=&#8221;1.3em&#8221; header_2_font=&#8221;||||||||&#8221; text_orientation=&#8221;center&#8221; background_layout=&#8221;dark&#8221; max_width=&#8221;700px&#8221; module_alignment=&#8221;center&#8221;]<\/p>\n<h1>Podru\u010dja djelovanja<\/h1>\n<p>[\/et_pb_text][\/et_pb_column][\/et_pb_row][\/et_pb_section][et_pb_section fb_built=&#8221;1&#8243; admin_label=&#8221;Features CTA Section&#8221; _builder_version=&#8221;3.22&#8243; custom_padding=&#8221;60px|0px|0px|0px&#8221; saved_tabs=&#8221;all&#8221;][et_pb_row admin_label=&#8221;Left Sided Image&#8221; _builder_version=&#8221;3.25&#8243; custom_padding=&#8221;0px|0px|60px|0px&#8221;][et_pb_column type=&#8221;4_4&#8243; _builder_version=&#8221;3.25&#8243; custom_padding=&#8221;|||&#8221; custom_padding__hover=&#8221;|||&#8221;][et_pb_text module_id=&#8221;radiation-oncology&#8221; _builder_version=&#8221;3.27.4&#8243; text_font=&#8221;Nunito Sans||||||||&#8221; text_font_size=&#8221;18px&#8221; text_line_height=&#8221;1.8em&#8221; header_font=&#8221;||||||||&#8221; header_text_align=&#8221;left&#8221; header_2_font=&#8221;Nunito Sans|700|||||||&#8221; header_2_text_color=&#8221;#535b7c&#8221; header_2_font_size=&#8221;35px&#8221; header_2_line_height=&#8221;1.8em&#8221; header_3_font=&#8221;||||||||&#8221; header_3_line_height=&#8221;1.6em&#8221; max_width=&#8221;90%&#8221; module_alignment=&#8221;center&#8221; custom_padding=&#8221;||30px|&#8221;]<\/p>\n<h2>1. Op\u0107enito<\/h2>\n<p style=\"text-align: justify;\">Zaposlenici Zavoda za medicinsku fiziku i za\u0161titu od zra\u010denja bave se fizikalnim aspektima primjene ioniziraju\u0107eg zra\u010denja te ultrazvuka u razli\u010ditim podru\u010djima medicine. Najve\u0107i broj aktivnosti vezan je za primjenu fizike u radijacijskoj onkologiji, nuklearnoj medicini te dijagnosti\u010dkoj i intervencijskoj radiologiji i kardiologiji. Poslovi medicinskog fizi\u010dara mogu se podijeliti na \u010detiri osnovna dijela:<\/p>\n<p style=\"text-align: justify;\">&#8211; osiguranje kvalitete rada ure\u0111aja i procesa<br \/> &#8211; razvoj i implementacija naprednih dijagnosti\u010dkih i terapijskih tehnika<br \/> &#8211; uporaba i razvoj matemati\u010dkih algoritama naj\u010de\u0161\u0107e vezanih za prora\u010dune distribucija doze<br \/> &#8211; za\u0161tita od ioniziraju\u0107eg zra\u010denja.<\/p>\n<p>[\/et_pb_text][et_pb_text module_id=&#8221;radioterapija&#8221; _builder_version=&#8221;4.0.11&#8243; text_font=&#8221;Nunito Sans||||||||&#8221; text_font_size=&#8221;18px&#8221; text_line_height=&#8221;1.8em&#8221; header_font=&#8221;||||||||&#8221; header_text_align=&#8221;left&#8221; header_2_font=&#8221;Nunito Sans|700|||||||&#8221; header_2_text_color=&#8221;#535b7c&#8221; header_2_font_size=&#8221;35px&#8221; header_2_line_height=&#8221;1.8em&#8221; header_3_font=&#8221;||||||||&#8221; header_3_line_height=&#8221;1.6em&#8221; max_width=&#8221;90%&#8221; module_alignment=&#8221;center&#8221; custom_padding=&#8221;||30px|&#8221; hover_enabled=&#8221;0&#8243;]<\/p>\n<h2>2. Radijacijska onkologija<\/h2>\n<h3>Poslovi fizi\u010dara u radijacijskoj onkologiji<\/h3>\n<p style=\"text-align: justify;\">Osnovna zada\u0107a medicinskog fizi\u010dara u radijacijskoj onkologiji jest kvalitetna, odgovorna i sigurna uporaba ioniziraju\u0107eg zra\u010denja u svrhu lije\u010denja onkolo\u0161kih bolesnika. Stoga je razvijen i u potpunosti implementiran sveobuhvatan program osiguranja kvalitete uporabe ioniziraju\u0107eg zra\u010denja, koji se redovito provodi i nadogra\u0111uje.<\/p>\n<p style=\"text-align: justify;\">Fizi\u010dari su neposredno uklju\u010deni u izradu planova radioterapije &#8211; individualnih optimiziranih raspodjela apsorbirane doze za svakog pacijenta koji se lije\u010di radioterapijom snopovima X-zraka visokih energija. Tako se na godi\u0161njoj razini izradi vi\u0161e od 800 optimiziranih raspodjela doza za visoko konformalnu radioterapiju pacijenata Klinike za tumore.<\/p>\n<p style=\"text-align: justify;\">Fizi\u010dari su aktivno uklju\u010deni kod uvo\u0111enja novih metoda i postupaka lije\u010denja. Provedbom opse\u017enog skupa mjerenja, ra\u010dunalnim modeliranjem snopa ioniziraju\u0107eg zra\u010denja i razvojem razli\u010ditih metoda verifikacije postavljeni su nu\u017eni uvjeti za klini\u010dku implementaciju jedne od naslo\u017eenijih radioterapijskih tehnika &#8211; jakosno modulirane radioterapije (IMRT), pa je metoda od 2016. godine u redovnoj uporabi na Klinici za tumore.<\/p>\n<p style=\"text-align: justify;\">Fizi\u010dari u radu koriste opremu \u010dija je vrijednost vi\u0161e milijuna kuna. Ona uklju\u010duje napredni sustav za izra\u010dun optimiziranih raspodjela doze, razli\u010dite vrste elektrometara i ionizacijskih komora, sustav za relativnu dozimetriju, kao i razli\u010dite vrste fantoma (od homogenih do antropomorfnih).<\/p>\n<p>[\/et_pb_text][et_pb_gallery gallery_ids=&#8221;52643,52762,52763,52646&#8243; gallery_captions=&#8221;,,,&#8221; show_title_and_caption=&#8221;off&#8221; show_pagination=&#8221;off&#8221; _builder_version=&#8221;3.0.96&#8243; title_font=&#8221;||||||||&#8221; pagination_font=&#8221;||||||||&#8221; custom_padding=&#8221;1px|1px|1px|1px&#8221;]&nbsp;<br \/>\n[\/et_pb_gallery][et_pb_text module_id=&#8221;nuklearna&#8221; _builder_version=&#8221;4.0.11&#8243; text_font=&#8221;Nunito Sans||||||||&#8221; text_font_size=&#8221;18px&#8221; text_line_height=&#8221;1.8em&#8221; header_font=&#8221;||||||||&#8221; header_text_align=&#8221;left&#8221; header_2_font=&#8221;Nunito Sans|700|||||||&#8221; header_2_text_color=&#8221;#535b7c&#8221; header_2_font_size=&#8221;35px&#8221; header_2_line_height=&#8221;1.8em&#8221; header_3_font=&#8221;||||||||&#8221; header_3_line_height=&#8221;1.6em&#8221; max_width=&#8221;90%&#8221; module_alignment=&#8221;center&#8221; custom_padding=&#8221;||30px|&#8221; hover_enabled=&#8221;0&#8243;]<\/p>\n<h2>3. Nuklearna medicina<\/h2>\n<h3>Poslovi fizi\u010dara na nuklearnoj medicini<\/h3>\n<p>Nuklearna medicina je grana medicine u kojoj se u dijagnosti\u010dke i terapijske svrhe koriste radionuklidi, tj. otvoreni izvori ioniziraju\u0107eg zra\u010denja.<\/p>\n<p>Medicinski fizi\u010dari su razvili, redovno provode i nadogra\u0111uju sveukupan sustav osiguranja kvalitete te periodi\u010dnim kontrolama kvalitete rada ure\u0111aja omogu\u0107avaju odgovornu i sigurnu uporabu ioniziraju\u0107eg zra\u010denja.<\/p>\n<p>Medicinski fizi\u010dari sudjeluju u optimizaciji dijagnosti\u010dkih i terapijskih postupaka koji uklju\u010duju uporabu ioniziraju\u0107eg zra\u010denja. Oni provode mjerenja na fantomima i Monte Carlo simulacije te razvijaju i primjenjuju umjetnu inteligenciju s ciljem pobolj\u0161anja kvalitete dijagnosti\u010dke informacije. Uklju\u010deni su i u svaku fazu radioterapijskog postupka uporabom radionuklida od izra\u010duna terapijske aktivnosti, interne dozimetrije do mjerenja prilikom otpusta pacijenta. <br \/>Kod svake dijagnosti\u010dke procedure u nuklearnoj medicini, u skladu s direktivom EURATOM 59\/2013, medicinski fizi\u010dar mo\u017ee procjeniti apsorbiranu dozu u pojedinom organu i efektivnu dozu. Informacija o primljenoj dozi je dostupna svakom pacijentu na zahtjev.<\/p>\n<p>Va\u017ena djelatnost medicinskog fizi\u010dara u nuklearnoj medicini jest i provo\u0111enje postupaka za\u0161tite od zra\u010denja pacijenata, osoblja i stanovni\u0161tva. U okviru toga vr\u0161i se provjera kontaminacije radnih prostorija, bolesni\u010dkih soba, krutog radioaktivnog otpada i spremnika za teku\u0107i radioaktivni otpad.<\/p>\n<p>[\/et_pb_text][et_pb_gallery gallery_ids=&#8221;52993,52631,53473,53327,52632&#8243; gallery_captions=&#8221;,,,&#8221; show_title_and_caption=&#8221;off&#8221; show_pagination=&#8221;off&#8221; _builder_version=&#8221;4.0.11&#8243; title_font=&#8221;||||||||&#8221; pagination_font=&#8221;||||||||&#8221; custom_padding=&#8221;1px|1px|1px|1px&#8221;]&nbsp;<br \/>\n[\/et_pb_gallery][et_pb_text module_id=&#8221;radiologija&#8221; _builder_version=&#8221;3.27.4&#8243; text_font=&#8221;Nunito Sans||||||||&#8221; text_font_size=&#8221;18px&#8221; text_line_height=&#8221;1.8em&#8221; header_font=&#8221;||||||||&#8221; header_text_align=&#8221;left&#8221; header_2_font=&#8221;Nunito Sans|700|||||||&#8221; header_2_text_color=&#8221;#535b7c&#8221; header_2_font_size=&#8221;35px&#8221; header_2_line_height=&#8221;1.8em&#8221; header_3_font=&#8221;||||||||&#8221; header_3_line_height=&#8221;1.6em&#8221; max_width=&#8221;90%&#8221; module_alignment=&#8221;center&#8221; custom_padding=&#8221;||30px|&#8221;]<\/p>\n<h2>4. Radiologija<\/h2>\n<h3>Poslovi fizi\u010dara u dijagnosti\u010dkoj i intervencijskoj radiologiji<\/h3>\n<p style=\"text-align: justify;\">U KBC-u Rijeka trenutno se nalazi 35 ure\u0111aja koji proizvode ioniziraju\u0107e zra\u010denje, a koji se koriste pri dijagnosti\u010dkim i intervencijskim postupcima. Medicinski fizi\u010dari u dijagnosti\u010dkoj i intervencijskoj radiologiji provode cjelovit sustav osiguranja kvalitete koji uklju\u010duje periodi\u010dno provo\u0111enje naprednih testova kontrole kvalitete tih ure\u0111aja, \u010dime se posti\u017ee sigurnost pri upotrebi ure\u0111aja, i za pacijente i za osoblje.<\/p>\n<p style=\"text-align: justify;\">Osim kontrole kvalitete fizi\u010dari aktivno sudjeluju u optimizaciji dijagnosti\u010dkih postupaka, \u010dime se osigurava da pacijent dobije \u0161to je mogu\u0107e manju dozu, a da dobivena snimka ima dovoljnu dijagnosti\u010dku informaciju.<\/p>\n<p style=\"text-align: justify;\">Tako\u0111er, sudjeluju u razvoju matemati\u010dkih algoritama za prora\u010dune doze za pacijenta te na taj na\u010din omogu\u0107uju da svaki pacijent dobije podatak o primljenoj dozi tijekom dijagnosti\u010dkog ili intervencijskog postupka koji uklju\u010duje uporabu ioniziraju\u0107eg zra\u010denja.<\/p>\n<p>Klini\u010dki zavod za radiologiju KBC-a Rijeka trenuta\u010dno za dijagnostiku koristi dva ure\u0111aja za oslikavanje magnetskom rezonancijom. Zavod za medicinsku fiziku i za\u0161titu od zra\u010denja na ure\u0111ajima provodi proces optimizacije sekvenci snimanja, \u010dime se osigurava dobivanje optimalne dijagnosti\u010dke informacije u najkra\u0107em mogu\u0107em vremenu. Ure\u0111aji za oslikavanje magnetskom rezonancijom uklju\u010deni su i u program osiguranja i kontrole kvalitete, \u010dime se osigurava kvalitetan i siguran rad ure\u0111aja. Fizi\u010dari sa Zavoda tako\u0111er sudjeluju u za\u0161titi i sigurnosti pacijenata i osoblja u okolini ure\u0111aja za oslikavanje magnetskom rezonancijom.\u00a0<\/p>\n<p>[\/et_pb_text][et_pb_gallery gallery_ids=&#8221;52642,53476,53199&#8243; gallery_captions=&#8221;,,,&#8221; show_title_and_caption=&#8221;off&#8221; show_pagination=&#8221;off&#8221; _builder_version=&#8221;4.0.11&#8243; title_font=&#8221;||||||||&#8221; pagination_font=&#8221;||||||||&#8221; custom_padding=&#8221;1px|1px|1px|1px&#8221;]&nbsp;<br \/>\n[\/et_pb_gallery][et_pb_text module_id=&#8221;zastita-zracenje&#8221; _builder_version=&#8221;4.0.11&#8243; text_font=&#8221;Nunito Sans||||||||&#8221; text_font_size=&#8221;18px&#8221; text_line_height=&#8221;1.8em&#8221; header_font=&#8221;||||||||&#8221; header_text_align=&#8221;left&#8221; header_2_font=&#8221;Nunito Sans|700|||||||&#8221; header_2_text_color=&#8221;#535b7c&#8221; header_2_font_size=&#8221;35px&#8221; header_2_line_height=&#8221;1.8em&#8221; header_3_font=&#8221;||||||||&#8221; header_3_line_height=&#8221;1.6em&#8221; max_width=&#8221;90%&#8221; module_alignment=&#8221;center&#8221; custom_padding=&#8221;||30px|&#8221;]<\/p>\n<h2>5. Za\u0161tita od ioniziraju\u0107eg zra\u010denja<\/h2>\n<p style=\"text-align: justify;\">\u200bOsoba odgovorna za za\u0161titu od ioniziraju\u0107eg zra\u010denja u KBC-u Rijeka je Dea Dundara Debeljuh, mag. phys, a njena zamjenica je Doris \u0160egota Rito\u0161a, mag. edu. phys. et inf. Obje su zaposlene na Zavodu za medicinsku fiziku i za\u0161titu od zra\u010denja kao medicinske fizi\u010darke. Njihova zadu\u017eenja i ovlasti propisani su Zakonom o radiolo\u0161koj i nuklarnoj sigurnosti (<a href=\"https:\/\/narodne-novine.nn.hr\/clanci\/sluzbeni\/2013_11_141_3012.html\">NN 141\/13<\/a>, <a href=\"https:\/\/narodne-novine.nn.hr\/clanci\/sluzbeni\/2015_04_39_803.html\">39\/15<\/a>, <a href=\"https:\/\/narodne-novine.nn.hr\/clanci\/sluzbeni\/2017_12_130_2988.html\">130\/17<\/a>, <a href=\"https:\/\/narodne-novine.nn.hr\/clanci\/sluzbeni\/2018_12_118_2352.html\">118\/18<\/a>, \u00a0<a href=\"https:\/\/narodne-novine.nn.hr\/clanci\/sluzbeni\/2022_02_21_226.html\">21\/22<\/a>,\u00a0<a href=\"https:\/\/narodne-novine.nn.hr\/clanci\/sluzbeni\/2022_10_114_1707.html\">114\/22<\/a>).<\/p>\n<p>Odgovorna osoba za za\u0161titu od ioniziraju\u0107eg zra\u010denja provodi kontrolu nad primjenom mjera radiolo\u0161ke sigurnosti unutar zdravstvene ustanove, skrbi o uporabi za\u0161titne opreme i ure\u0111aja za mjerenje osobnog ozra\u010denja te o zdravstvenoj sposobnosti i stru\u010dnoj osposobljenosti za rad s ioniziraju\u0107im zra\u010denjem izlo\u017eenih radnika, skrbi o pregledima izvora ioniziraju\u0107eg zra\u010denja u propisanim rokovima, osigurava vo\u0111enje svih propisanih evidencija, organizira provedbu za\u0161titnih mjera u slu\u010daju izvanrednog doga\u0111aja. Osim toga, odgovorna osoba za za\u0161titu od zra\u010denja zadu\u017eena je za komunikaciju s Ravnateljstvom civilne za\u0161tite MUP-a, nazo\u010di inspekcijskom nadzoru MUP-a i o\u010dituje se na nalaz inspektora.<\/p>\n<p>[\/et_pb_text][et_pb_gallery gallery_ids=&#8221;53324,53325,52766,52767&#8243; gallery_captions=&#8221;,,,&#8221; show_title_and_caption=&#8221;off&#8221; show_pagination=&#8221;off&#8221; _builder_version=&#8221;4.0.11&#8243; title_font=&#8221;||||||||&#8221; pagination_font=&#8221;||||||||&#8221; custom_padding=&#8221;1px|1px|1px|1px&#8221;]&nbsp;<br \/>\n[\/et_pb_gallery][\/et_pb_column][\/et_pb_row][\/et_pb_section][et_pb_section fb_built=&#8221;1&#8243; _builder_version=&#8221;3.0.96&#8243; background_color=&#8221;#2e3192&#8243; global_module=&#8221;52836&#8243;][et_pb_row _builder_version=&#8221;3.25&#8243; background_size=&#8221;initial&#8221; background_position=&#8221;top_left&#8221; background_repeat=&#8221;repeat&#8221; column_structure=&#8221;1_3,1_3,1_3&#8243;][et_pb_column type=&#8221;1_3&#8243; _builder_version=&#8221;3.25&#8243; custom_padding=&#8221;|||&#8221; custom_padding__hover=&#8221;|||&#8221;][et_pb_image src=&#8221;http:\/\/kbc-rijeka.hr\/radiofizika\/wp-content\/uploads\/2018\/02\/LOGO-TRANSPARENTNI-1000X1000-1.png&#8221; align_tablet=&#8221;center&#8221; align_last_edited=&#8221;on|desktop&#8221; _builder_version=&#8221;3.23&#8243; animation_style=&#8221;slide&#8221; animation_direction=&#8221;left&#8221; animation_duration=&#8221;500ms&#8221; animation_intensity_slide=&#8221;10%&#8221;][\/et_pb_image][et_pb_text _builder_version=&#8221;3.27.4&#8243; text_font=&#8221;||||||||&#8221; text_text_color=&#8221;#c9c9c9&#8243; text_line_height=&#8221;1.8em&#8221; header_font=&#8221;||||||||&#8221; header_text_color=&#8221;#ffffff&#8221; header_font_size=&#8221;23px&#8221; header_line_height=&#8221;1.8em&#8221; header_3_font=&#8221;||||||||&#8221; header_3_text_color=&#8221;#ffffff&#8221; header_3_font_size=&#8221;16px&#8221; header_3_line_height=&#8221;1.4em&#8221; background_layout=&#8221;dark&#8221; header_line_height_tablet=&#8221;&#8221; header_line_height_phone=&#8221;&#8221; header_line_height_last_edited=&#8221;on|desktop&#8221;]<\/p>\n<h3>KLINI\u010cKI BOLNI\u010cKI<br \/>CENTAR RIJEKA<\/h3>\n<p>[\/et_pb_text][\/et_pb_column][et_pb_column type=&#8221;1_3&#8243; _builder_version=&#8221;3.25&#8243; custom_padding=&#8221;|||&#8221; custom_padding__hover=&#8221;|||&#8221;][et_pb_text _builder_version=&#8221;3.27.4&#8243; text_font=&#8221;||||||||&#8221; text_text_color=&#8221;#c9c9c9&#8243; text_line_height=&#8221;1.8em&#8221; header_font=&#8221;||||||||&#8221; header_text_color=&#8221;#ffffff&#8221; header_font_size=&#8221;23px&#8221; header_line_height=&#8221;1.8em&#8221; header_3_font=&#8221;||||||||&#8221; header_3_text_color=&#8221;#ffffff&#8221; header_3_font_size=&#8221;16px&#8221; header_3_line_height=&#8221;1.4em&#8221; background_layout=&#8221;dark&#8221; header_line_height_tablet=&#8221;&#8221; header_line_height_phone=&#8221;&#8221; header_line_height_last_edited=&#8221;on|desktop&#8221;]<\/p>\n<p>Zavod za medicinsku fiziku <br \/>i za\u0161titu od zra\u010denja<\/p>\n<p>Kre\u0161imirova 42,\u00a051 000 Rijeka,<br \/>Hrvatska<\/p>\n<p>[\/et_pb_text][\/et_pb_column][et_pb_column type=&#8221;1_3&#8243; _builder_version=&#8221;3.25&#8243; custom_padding=&#8221;|||&#8221; custom_padding__hover=&#8221;|||&#8221;][et_pb_text _builder_version=&#8221;3.27.4&#8243; text_font=&#8221;||||||||&#8221; text_text_color=&#8221;#c9c9c9&#8243; text_line_height=&#8221;1.8em&#8221; header_font=&#8221;||||||||&#8221; header_text_color=&#8221;#ffffff&#8221; header_font_size=&#8221;23px&#8221; header_3_font=&#8221;||||||||&#8221; header_3_text_color=&#8221;#ffffff&#8221; header_3_font_size=&#8221;16px&#8221; background_layout=&#8221;dark&#8221;]<\/p>\n<h3>\u00a0<\/h3>\n<p><span style=\"font-size: 14px;\">TEL: +385 (0)51 658-398<br \/><\/span><span style=\"font-size: 14px;\">FAX: +385 (0)51 658-599<br \/><\/span><span style=\"font-size: 14px;\">MAIL: radiofizika@kbc-rijeka.hr<\/span><\/p>\n<p>[\/et_pb_text][\/et_pb_column][\/et_pb_row][\/et_pb_section]<\/p>\n","protected":false},"excerpt":{"rendered":"<p>[et_pb_section fb_built=&#8221;1&#8243; admin_label=&#8221;Center Aligned Text &#8221; _builder_version=&#8221;3.22&#8243; background_color=&#8221;#f8fbfe&#8221; use_background_color_gradient=&#8221;on&#8221; background_color_gradient_start=&#8221;#00c3d8&#8243; background_color_gradient_end=&#8221;#0780b5&#8243; background_color_gradient_direction=&#8221;135deg&#8221; background_image=&#8221;http:\/\/kbc-rijeka.hr\/radiofizika\/wp-content\/uploads\/2018\/01\/geometric-bg-overlay-01.jpg&#8221; background_blend=&#8221;overlay&#8221; custom_padding=&#8221;3%|0px|0%|0px&#8221; animation_style=&#8221;zoom&#8221; animation_direction=&#8221;bottom&#8221; animation_intensity_zoom=&#8221;8%&#8221; animation_starting_opacity=&#8221;100%&#8221;][et_pb_row _builder_version=&#8221;3.25&#8243; custom_padding=&#8221;25.0469px|0px|38px|0px&#8221;][et_pb_column type=&#8221;4_4&#8243; _builder_version=&#8221;3.25&#8243; custom_padding=&#8221;|||&#8221; custom_padding__hover=&#8221;|||&#8221;][et_pb_text _builder_version=&#8221;3.27.4&#8243; text_font=&#8221;||||||||&#8221; text_text_color=&#8221;#ffffff&#8221; text_font_size=&#8221;18px&#8221; text_line_height=&#8221;1.8em&#8221; header_font=&#8221;|700|||||||&#8221; header_font_size=&#8221;45px&#8221; header_line_height=&#8221;1.3em&#8221; header_2_font=&#8221;||||||||&#8221; text_orientation=&#8221;center&#8221; background_layout=&#8221;dark&#8221; max_width=&#8221;700px&#8221; module_alignment=&#8221;center&#8221;] Podru\u010dja djelovanja [\/et_pb_text][\/et_pb_column][\/et_pb_row][\/et_pb_section][et_pb_section fb_built=&#8221;1&#8243; admin_label=&#8221;Features CTA Section&#8221; _builder_version=&#8221;3.22&#8243; custom_padding=&#8221;60px|0px|0px|0px&#8221; saved_tabs=&#8221;all&#8221;][et_pb_row admin_label=&#8221;Left Sided Image&#8221; _builder_version=&#8221;3.25&#8243; custom_padding=&#8221;0px|0px|60px|0px&#8221;][et_pb_column type=&#8221;4_4&#8243; _builder_version=&#8221;3.25&#8243; [&hellip;]<\/p>\n","protected":false},"author":5,"featured_media":0,"parent":0,"menu_order":0,"comment_status":"closed","ping_status":"closed","template":"","meta":{"_et_pb_use_builder":"on","_et_pb_old_content":""},"_links":{"self":[{"href":"https:\/\/kbc-rijeka.hr\/radiofizika\/wp-json\/wp\/v2\/pages\/52900"}],"collection":[{"href":"https:\/\/kbc-rijeka.hr\/radiofizika\/wp-json\/wp\/v2\/pages"}],"about":[{"href":"https:\/\/kbc-rijeka.hr\/radiofizika\/wp-json\/wp\/v2\/types\/page"}],"author":[{"embeddable":true,"href":"https:\/\/kbc-rijeka.hr\/radiofizika\/wp-json\/wp\/v2\/users\/5"}],"replies":[{"embeddable":true,"href":"https:\/\/kbc-rijeka.hr\/radiofizika\/wp-json\/wp\/v2\/comments?post=52900"}],"version-history":[{"count":25,"href":"https:\/\/kbc-rijeka.hr\/radiofizika\/wp-json\/wp\/v2\/pages\/52900\/revisions"}],"predecessor-version":[{"id":53541,"href":"https:\/\/kbc-rijeka.hr\/radiofizika\/wp-json\/wp\/v2\/pages\/52900\/revisions\/53541"}],"wp:attachment":[{"href":"https:\/\/kbc-rijeka.hr\/radiofizika\/wp-json\/wp\/v2\/media?parent=52900"}],"curies":[{"name":"wp","href":"https:\/\/api.w.org\/{rel}","templated":true}]}}