{"id":52827,"date":"2018-05-10T13:19:45","date_gmt":"2018-05-10T13:19:45","guid":{"rendered":"http:\/\/phygital.hr\/radio\/povijest\/"},"modified":"2026-02-16T16:12:27","modified_gmt":"2026-02-16T16:12:27","slug":"povijest","status":"publish","type":"page","link":"https:\/\/kbc-rijeka.hr\/radiofizika\/povijest\/","title":{"rendered":"POVIJEST"},"content":{"rendered":"<p>[et_pb_section fb_built=&#8221;1&#8243; admin_label=&#8221;Center Aligned Text &#8221; _builder_version=&#8221;3.22&#8243; background_color=&#8221;#f8fbfe&#8221; use_background_color_gradient=&#8221;on&#8221; background_color_gradient_start=&#8221;#00c3d8&#8243; background_color_gradient_end=&#8221;#0780b5&#8243; background_color_gradient_direction=&#8221;135deg&#8221; background_image=&#8221;http:\/\/kbc-rijeka.hr\/radiofizika\/wp-content\/uploads\/2018\/01\/geometric-bg-overlay-01.jpg&#8221; background_blend=&#8221;overlay&#8221; custom_padding=&#8221;3%|0px|0%|0px&#8221; animation_style=&#8221;zoom&#8221; animation_direction=&#8221;bottom&#8221; animation_intensity_zoom=&#8221;8%&#8221; animation_starting_opacity=&#8221;100%&#8221;][et_pb_row _builder_version=&#8221;3.25&#8243; custom_padding=&#8221;25.0469px|0px|38px|0px&#8221;][et_pb_column type=&#8221;4_4&#8243; _builder_version=&#8221;3.25&#8243; custom_padding=&#8221;|||&#8221; custom_padding__hover=&#8221;|||&#8221;][et_pb_text _builder_version=&#8221;3.27.4&#8243; text_font=&#8221;||||||||&#8221; text_text_color=&#8221;#ffffff&#8221; text_font_size=&#8221;18px&#8221; text_line_height=&#8221;1.8em&#8221; header_font=&#8221;|700|||||||&#8221; header_font_size=&#8221;45px&#8221; header_line_height=&#8221;1.3em&#8221; header_2_font=&#8221;||||||||&#8221; text_orientation=&#8221;center&#8221; background_layout=&#8221;dark&#8221; max_width=&#8221;700px&#8221; module_alignment=&#8221;center&#8221;]<\/p>\n<h1>Povijest<\/h1>\n<p>[\/et_pb_text][\/et_pb_column][\/et_pb_row][\/et_pb_section][et_pb_section fb_built=&#8221;1&#8243; admin_label=&#8221;Features CTA Section&#8221; _builder_version=&#8221;3.22&#8243; custom_padding=&#8221;60px|0px|0px|0px&#8221; saved_tabs=&#8221;all&#8221;][et_pb_row admin_label=&#8221;Left Sided Image&#8221; _builder_version=&#8221;3.25&#8243; max_width=&#8221;80%&#8221; custom_padding=&#8221;0px|0px|60px|0px&#8221; use_custom_width=&#8221;on&#8221; width_unit=&#8221;off&#8221;][et_pb_column type=&#8221;4_4&#8243; _builder_version=&#8221;3.25&#8243; custom_padding=&#8221;|||&#8221; custom_padding__hover=&#8221;|||&#8221;][et_pb_text _builder_version=&#8221;3.27.4&#8243; text_font=&#8221;Nunito Sans||||||||&#8221; text_font_size=&#8221;18px&#8221; text_line_height=&#8221;1.8em&#8221; header_font=&#8221;||||||||&#8221; header_text_align=&#8221;left&#8221; header_2_font=&#8221;Nunito Sans|700|||||||&#8221; header_2_text_color=&#8221;#535b7c&#8221; header_2_font_size=&#8221;35px&#8221; header_2_line_height=&#8221;1.8em&#8221; header_3_font=&#8221;||||||||&#8221; header_3_line_height=&#8221;1.6em&#8221; max_width=&#8221;90%&#8221; module_alignment=&#8221;center&#8221; custom_padding=&#8221;||30px|&#8221;]U Rijeci je primjena fizike u medicini zapo\u010dela sredinom 60-ih godina pro\u0161log stolje\u0107a uklju\u010divanjem fizi\u010darki Nede Stip\u010di\u0107 \u0160oli\u0107 i Vesne \u0160varcer u razvoj tada novih polja medicine koje se temelje na uporabi ioniziraju\u0107eg zra\u010denja, radioterapiji i nuklearnoj medicini..<\/p>\n<p>Godine 1965. zapo\u010dinje s radom prvi rije\u010dki telekobaltni ure\u0111aj, a pritom je fizi\u010darka Neda Stip\u010di\u0107 \u0160oli\u0107, zajedno s lije\u010dnikom Predragom Pavlovi\u0107em, uvela brojne nove metode telekobaltne terapije onkolo\u0161kih bolesnika. Fizi\u010dari tada aktivno sudjeluju i u planiranju i provo\u0111enju brahiterapije. Nabavom prvog linearnog akceleratora, fizi\u010dari uspostavljaju napredan sustav osiguranja i kontrole kvalitete radioterapijskih ure\u0111aja i procesa, a klini\u010dkom implementacijom 3D konformalne terapije 2007. godine, radioterapija je uzdignuta na suvremeni europski nivo. Veliko je postignu\u0107e ostvareno 2016. godine kada je zavr\u0161ena klini\u010dka implementacija jakosno-modulirane terapije, tzv. IMRT, jedne od najsuvremenijih i najzahtjevnijih metoda lije\u010denja onkolo\u0161kih bolesnika zra\u010denjem. Metoda se od tada redovito koristi u KBC Rijeka.<\/p>\n<p>U 2000-ima je u sastavu tada\u0161njeg Zavoda za radioterapiju i onkologiju djelovao je Odsjek za radiofiziku i dozimetriju pod vodstvom fizi\u010dara Slavena Jurkovi\u0107a, dana\u0161njeg pro\u010delnika Zavoda za medicinsku fiziku. Dana 1. rujna 2012. Odsjek za radiofiziku i dozimetriju prerastao je u ve\u0107i i samostalni Centar za medicinsku fiziku i za\u0161titu od zra\u010denja koji je okupio sve fizi\u010dare u KBC Rijeka &#8211; koji su tada djelovali na Klinici za radioterapiju i onkologiju, Klini\u010dkom zavodu za nuklearnu medicinu te na Klini\u010dkom zavodu za radiologiju.<\/p>\n<p>Osim u radioterapiji, fizi\u010dari su va\u017ean dio povijesti dana\u0161njeg Klini\u010dkog zavoda za nuklearnu medicinu, u \u010dijem je osnutku sudjelovala fizi\u010darka Vesna \u0160varcer, zajedno s lije\u010dnikom Brankom Antoninom. Njihovi su napori urodili osnutkom Radioizotopnog laboratorija 1965. godine, koji je kasnije prerastao u dana\u0161nji Klini\u010dki zavod za nuklearnu medicinu. Danas, unutar Zavoda fizi\u010dari sudjeluju u provo\u0111enju postupaka kontrole i osiguranja kvalitete ure\u0111aja, a nezaobilazni su i u radioterapiji jodom, kao i u provo\u0111enju postupaka za\u0161tite od zra\u010denja.<\/p>\n<p>Od 2012. godine prvi put u Republici Hrvatskoj fizi\u010dari sustavno djeluju i na poslovima dijagnosti\u010dke i intervencijske radiologije u na Klini\u010dkom zavodu za radiologiju KBC Rijeka. Od tada, fizi\u010dari su u KBC Rijeka ustrojili i provode program osiguranja i kontrole kvalitete radiolo\u0161kih ure\u0111aja i procesa u skladu sa suvremenim me\u0111unarodnim standardima. Iako je djelatnost fizi\u010dara na radiologiji najkra\u0107a u dugoj povijesti rije\u010dke medicinske fizike, \u201cradiolo\u0161ki tim\u201d fizi\u010dara ostvario je zapa\u017eene rezultate u Republici Hrvatskoj, a i \u0161ire, \u010demu svjedo\u010de dva me\u0111unarodna projekta koja vode i provode fizi\u010dari sa Zavoda. Oni su tako\u0111er uklju\u010deni u uspostavu programa osiguranja i kontrole kvalitete radiolo\u0161kih ure\u0111aja i procesa u javno-zdravstvenim ustanovama Istarske i Primorsko-goranske \u017eupanije.<\/p>\n<p>U o\u017eujku 2018. godine Centar je prerastao u Zavod za medicinsku fiziku i za\u0161titu od zra\u010denja.<br \/>\n[\/et_pb_text][\/et_pb_column][\/et_pb_row][\/et_pb_section][et_pb_section fb_built=&#8221;1&#8243; _builder_version=&#8221;3.22&#8243; background_color=&#8221;#2e3192&#8243;][et_pb_row _builder_version=&#8221;3.25&#8243; background_size=&#8221;initial&#8221; background_position=&#8221;top_left&#8221; background_repeat=&#8221;repeat&#8221; column_structure=&#8221;1_3,1_3,1_3&#8243;][et_pb_column type=&#8221;1_3&#8243; _builder_version=&#8221;3.25&#8243; custom_padding=&#8221;|||&#8221; custom_padding__hover=&#8221;|||&#8221;][et_pb_image src=&#8221;http:\/\/kbc-rijeka.hr\/radiofizika\/wp-content\/uploads\/2018\/02\/LOGO-TRANSPARENTNI-1000X1000-1.png&#8221; align_tablet=&#8221;center&#8221; align_last_edited=&#8221;on|desktop&#8221; _builder_version=&#8221;3.23&#8243; animation_style=&#8221;slide&#8221; animation_direction=&#8221;left&#8221; animation_duration=&#8221;500ms&#8221; animation_intensity_slide=&#8221;10%&#8221;][\/et_pb_image][et_pb_text _builder_version=&#8221;3.27.4&#8243; text_font=&#8221;||||||||&#8221; text_text_color=&#8221;#c9c9c9&#8243; text_line_height=&#8221;1.8em&#8221; header_font=&#8221;||||||||&#8221; header_text_color=&#8221;#ffffff&#8221; header_font_size=&#8221;23px&#8221; header_line_height=&#8221;1.8em&#8221; header_3_font=&#8221;||||||||&#8221; header_3_text_color=&#8221;#ffffff&#8221; header_3_font_size=&#8221;16px&#8221; header_3_line_height=&#8221;1.4em&#8221; background_layout=&#8221;dark&#8221; header_line_height_tablet=&#8221;&#8221; header_line_height_phone=&#8221;&#8221; header_line_height_last_edited=&#8221;on|desktop&#8221;]<\/p>\n<h3>CLINICAL HOSPITAL<br \/>\nCENTER OF RIJEKA<\/h3>\n<p>[\/et_pb_text][\/et_pb_column][et_pb_column type=&#8221;1_3&#8243; _builder_version=&#8221;3.25&#8243; custom_padding=&#8221;|||&#8221; custom_padding__hover=&#8221;|||&#8221;][et_pb_text _builder_version=&#8221;3.27.4&#8243; text_font=&#8221;||||||||&#8221; text_text_color=&#8221;#c9c9c9&#8243; text_line_height=&#8221;1.8em&#8221; header_font=&#8221;||||||||&#8221; header_text_color=&#8221;#ffffff&#8221; header_font_size=&#8221;23px&#8221; header_line_height=&#8221;1.8em&#8221; header_3_font=&#8221;||||||||&#8221; header_3_text_color=&#8221;#ffffff&#8221; header_3_font_size=&#8221;16px&#8221; header_3_line_height=&#8221;1.4em&#8221; background_layout=&#8221;dark&#8221; header_line_height_tablet=&#8221;&#8221; header_line_height_phone=&#8221;&#8221; header_line_height_last_edited=&#8221;on|desktop&#8221;]Department for\u00a0Medical Physics<br \/>\nand Radiation Protection<\/p>\n<p>Kre\u0161imirova 42,\u00a051 000 Rijeka,<br \/>\nCroatia<br \/>\n[\/et_pb_text][\/et_pb_column][et_pb_column type=&#8221;1_3&#8243; _builder_version=&#8221;3.25&#8243; custom_padding=&#8221;|||&#8221; custom_padding__hover=&#8221;|||&#8221;][et_pb_text _builder_version=&#8221;4.0.11&#8243; text_font=&#8221;||||||||&#8221; text_text_color=&#8221;#c9c9c9&#8243; text_line_height=&#8221;1.8em&#8221; header_font=&#8221;||||||||&#8221; header_text_color=&#8221;#ffffff&#8221; header_font_size=&#8221;23px&#8221; header_3_font=&#8221;||||||||&#8221; header_3_text_color=&#8221;#ffffff&#8221; header_3_font_size=&#8221;16px&#8221; background_layout=&#8221;dark&#8221; hover_enabled=&#8221;0&#8243;]<\/p>\n<h3>\u00a0<\/h3>\n<p><span style=\"font-size: 14px;\">TEL: +385 (0)51 658-766<br \/><\/span><span style=\"font-size: 14px;\">FAX: +385 (0)51 658-599<br \/><\/span><span style=\"font-size: 14px;\">MAIL: radiofizika@kbc-rijeka.hr<\/span><\/p>\n<p>[\/et_pb_text][\/et_pb_column][\/et_pb_row][\/et_pb_section]<\/p>\n","protected":false},"excerpt":{"rendered":"<p>[et_pb_section fb_built=&#8221;1&#8243; admin_label=&#8221;Center Aligned Text &#8221; _builder_version=&#8221;3.22&#8243; background_color=&#8221;#f8fbfe&#8221; use_background_color_gradient=&#8221;on&#8221; background_color_gradient_start=&#8221;#00c3d8&#8243; background_color_gradient_end=&#8221;#0780b5&#8243; background_color_gradient_direction=&#8221;135deg&#8221; background_image=&#8221;http:\/\/kbc-rijeka.hr\/radiofizika\/wp-content\/uploads\/2018\/01\/geometric-bg-overlay-01.jpg&#8221; background_blend=&#8221;overlay&#8221; custom_padding=&#8221;3%|0px|0%|0px&#8221; animation_style=&#8221;zoom&#8221; animation_direction=&#8221;bottom&#8221; animation_intensity_zoom=&#8221;8%&#8221; animation_starting_opacity=&#8221;100%&#8221;][et_pb_row _builder_version=&#8221;3.25&#8243; custom_padding=&#8221;25.0469px|0px|38px|0px&#8221;][et_pb_column type=&#8221;4_4&#8243; _builder_version=&#8221;3.25&#8243; custom_padding=&#8221;|||&#8221; custom_padding__hover=&#8221;|||&#8221;][et_pb_text _builder_version=&#8221;3.27.4&#8243; text_font=&#8221;||||||||&#8221; text_text_color=&#8221;#ffffff&#8221; text_font_size=&#8221;18px&#8221; text_line_height=&#8221;1.8em&#8221; header_font=&#8221;|700|||||||&#8221; header_font_size=&#8221;45px&#8221; header_line_height=&#8221;1.3em&#8221; header_2_font=&#8221;||||||||&#8221; text_orientation=&#8221;center&#8221; background_layout=&#8221;dark&#8221; max_width=&#8221;700px&#8221; module_alignment=&#8221;center&#8221;] Povijest [\/et_pb_text][\/et_pb_column][\/et_pb_row][\/et_pb_section][et_pb_section fb_built=&#8221;1&#8243; admin_label=&#8221;Features CTA Section&#8221; _builder_version=&#8221;3.22&#8243; custom_padding=&#8221;60px|0px|0px|0px&#8221; saved_tabs=&#8221;all&#8221;][et_pb_row admin_label=&#8221;Left Sided Image&#8221; _builder_version=&#8221;3.25&#8243; max_width=&#8221;80%&#8221; custom_padding=&#8221;0px|0px|60px|0px&#8221; use_custom_width=&#8221;on&#8221; width_unit=&#8221;off&#8221;][et_pb_column [&hellip;]<\/p>\n","protected":false},"author":5,"featured_media":0,"parent":0,"menu_order":0,"comment_status":"closed","ping_status":"closed","template":"","meta":{"_et_pb_use_builder":"on","_et_pb_old_content":""},"_links":{"self":[{"href":"https:\/\/kbc-rijeka.hr\/radiofizika\/wp-json\/wp\/v2\/pages\/52827"}],"collection":[{"href":"https:\/\/kbc-rijeka.hr\/radiofizika\/wp-json\/wp\/v2\/pages"}],"about":[{"href":"https:\/\/kbc-rijeka.hr\/radiofizika\/wp-json\/wp\/v2\/types\/page"}],"author":[{"embeddable":true,"href":"https:\/\/kbc-rijeka.hr\/radiofizika\/wp-json\/wp\/v2\/users\/5"}],"replies":[{"embeddable":true,"href":"https:\/\/kbc-rijeka.hr\/radiofizika\/wp-json\/wp\/v2\/comments?post=52827"}],"version-history":[{"count":8,"href":"https:\/\/kbc-rijeka.hr\/radiofizika\/wp-json\/wp\/v2\/pages\/52827\/revisions"}],"predecessor-version":[{"id":53643,"href":"https:\/\/kbc-rijeka.hr\/radiofizika\/wp-json\/wp\/v2\/pages\/52827\/revisions\/53643"}],"wp:attachment":[{"href":"https:\/\/kbc-rijeka.hr\/radiofizika\/wp-json\/wp\/v2\/media?parent=52827"}],"curies":[{"name":"wp","href":"https:\/\/api.w.org\/{rel}","templated":true}]}}