{"id":73,"date":"2020-11-24T18:50:29","date_gmt":"2020-11-24T18:50:29","guid":{"rendered":"https:\/\/phygital.hr\/kibsig\/?page_id=73"},"modified":"2023-09-15T12:09:20","modified_gmt":"2023-09-15T12:09:20","slug":"kontakti","status":"publish","type":"page","link":"https:\/\/kbc-rijeka.hr\/kibsig\/kontakti\/","title":{"rendered":"Kontakti"},"content":{"rendered":"\t\t<div data-elementor-type=\"wp-page\" data-elementor-id=\"73\" class=\"elementor elementor-73\">\n\t\t\t\t\t\t\t\t\t<section class=\"elementor-section elementor-top-section elementor-element elementor-element-d3e628b elementor-section-boxed elementor-section-height-default elementor-section-height-default\" data-id=\"d3e628b\" data-element_type=\"section\">\n\t\t\t\t\t\t<div class=\"elementor-container elementor-column-gap-default\">\n\t\t\t\t\t<div class=\"elementor-column elementor-col-50 elementor-top-column elementor-element elementor-element-14ceb70\" data-id=\"14ceb70\" data-element_type=\"column\">\n\t\t\t<div class=\"elementor-widget-wrap elementor-element-populated\">\n\t\t\t\t\t\t\t\t<div class=\"elementor-element elementor-element-66c7632 elementor-widget elementor-widget-text-editor\" data-id=\"66c7632\" data-element_type=\"widget\" data-widget_type=\"text-editor.default\">\n\t\t\t\t<div class=\"elementor-widget-container\">\n\t\t\t\t\t\t\t<h3>VODITELJ PROJEKTA<\/h3>\t\t\t\t\t\t<\/div>\n\t\t\t\t<\/div>\n\t\t\t\t<div class=\"elementor-element elementor-element-fd8f8da elementor-widget elementor-widget-text-editor\" data-id=\"fd8f8da\" data-element_type=\"widget\" data-widget_type=\"text-editor.default\">\n\t\t\t\t<div class=\"elementor-widget-container\">\n\t\t\t\t\t\t\t<p><span style=\"color: #00427a;\"><strong>Slu\u017eba za <span style=\"color: #00427a;\">informatiku<\/span><\/strong><\/span><br \/><strong>Carola Gasparini, univ. dipl. inf.<\/strong><br \/>Rukovoditeljica<br \/>Tel: +385 51 658-886<br \/>Fax: +385 51 658-347<br \/>E-mail:\u00a0informatika@kbc-rijeka.hr<\/p>\t\t\t\t\t\t<\/div>\n\t\t\t\t<\/div>\n\t\t\t\t\t<\/div>\n\t\t<\/div>\n\t\t\t\t<div class=\"elementor-column elementor-col-50 elementor-top-column elementor-element elementor-element-cb1fc74\" data-id=\"cb1fc74\" data-element_type=\"column\">\n\t\t\t<div class=\"elementor-widget-wrap elementor-element-populated\">\n\t\t\t\t\t\t\t\t<div class=\"elementor-element elementor-element-da12a2b elementor-widget elementor-widget-text-editor\" data-id=\"da12a2b\" data-element_type=\"widget\" data-widget_type=\"text-editor.default\">\n\t\t\t\t<div class=\"elementor-widget-container\">\n\t\t\t\t\t\t\t<h3>ADMINISTRATIVNA PODR\u0160KA<\/h3>\t\t\t\t\t\t<\/div>\n\t\t\t\t<\/div>\n\t\t\t\t<div class=\"elementor-element elementor-element-e2bdeb0 elementor-widget elementor-widget-text-editor\" data-id=\"e2bdeb0\" data-element_type=\"widget\" data-widget_type=\"text-editor.default\">\n\t\t\t\t<div class=\"elementor-widget-container\">\n\t\t\t\t\t\t\t<p><span style=\"color: #00427a;\"><strong>Odjel za projekte i EU fondove<\/strong><\/span><br><strong>Sandro Krizman, mag. oec.<\/strong><br>Rukovoditelj<br>Tel: +385 51 658-595<br>Fax: +385 51 214-216<br>E-mail:&nbsp;sandro.krizman@kbc-rijeka.hr<\/p>\t\t\t\t\t\t<\/div>\n\t\t\t\t<\/div>\n\t\t\t\t\t<\/div>\n\t\t<\/div>\n\t\t\t\t\t\t\t<\/div>\n\t\t<\/section>\n\t\t\t\t<section class=\"elementor-section elementor-top-section elementor-element elementor-element-d906fcf elementor-section-boxed elementor-section-height-default elementor-section-height-default\" data-id=\"d906fcf\" data-element_type=\"section\">\n\t\t\t\t\t\t<div class=\"elementor-container elementor-column-gap-default\">\n\t\t\t\t\t<div class=\"elementor-column elementor-col-100 elementor-top-column elementor-element elementor-element-ef1ae3c\" data-id=\"ef1ae3c\" data-element_type=\"column\">\n\t\t\t<div class=\"elementor-widget-wrap elementor-element-populated\">\n\t\t\t\t\t\t\t\t<div class=\"elementor-element elementor-element-e723e18 elementor-widget elementor-widget-text-editor\" data-id=\"e723e18\" data-element_type=\"widget\" data-widget_type=\"text-editor.default\">\n\t\t\t\t<div class=\"elementor-widget-container\">\n\t\t\t\t\t\t\t<h3 style=\"text-align: center;\">KLINI\u010cKI BOLNI\u010cKI CENTAR RIJEKA<\/h3>\t\t\t\t\t\t<\/div>\n\t\t\t\t<\/div>\n\t\t\t\t<div class=\"elementor-element elementor-element-fa65b79 elementor-widget elementor-widget-text-editor\" data-id=\"fa65b79\" data-element_type=\"widget\" data-widget_type=\"text-editor.default\">\n\t\t\t\t<div class=\"elementor-widget-container\">\n\t\t\t\t\t\t\t<p style=\"text-align: left;\">Kre\u0161imirova 42<br>51000 Rijeka, Hrvatska<br>Tel: +385 51 658 111<br>E-mail:&nbsp;ravnateljstvo@kbc-rijeka.hr<\/p>\t\t\t\t\t\t<\/div>\n\t\t\t\t<\/div>\n\t\t\t\t\t<\/div>\n\t\t<\/div>\n\t\t\t\t\t\t\t<\/div>\n\t\t<\/section>\n\t\t\t\t\t\t\t<\/div>\n\t\t","protected":false},"excerpt":{"rendered":"<p>VODITELJ PROJEKTA Slu\u017eba za informatikuCarola Gasparini, univ. dipl. inf.RukovoditeljicaTel: +385 51 658-886Fax: +385 51 658-347E-mail:\u00a0informatika@kbc-rijeka.hr ADMINISTRATIVNA PODR\u0160KA Odjel za projekte i EU fondoveSandro Krizman, mag. oec.RukovoditeljTel: +385 51 658-595Fax: +385 51 214-216E-mail:&nbsp;sandro.krizman@kbc-rijeka.hr KLINI\u010cKI BOLNI\u010cKI CENTAR RIJEKA Kre\u0161imirova 4251000 Rijeka, HrvatskaTel: +385 51 658 111E-mail:&nbsp;ravnateljstvo@kbc-rijeka.hr<\/p>\n","protected":false},"author":1,"featured_media":0,"parent":0,"menu_order":0,"comment_status":"closed","ping_status":"closed","template":"","meta":{"footnotes":""},"_links":{"self":[{"href":"https:\/\/kbc-rijeka.hr\/kibsig\/wp-json\/wp\/v2\/pages\/73"}],"collection":[{"href":"https:\/\/kbc-rijeka.hr\/kibsig\/wp-json\/wp\/v2\/pages"}],"about":[{"href":"https:\/\/kbc-rijeka.hr\/kibsig\/wp-json\/wp\/v2\/types\/page"}],"author":[{"embeddable":true,"href":"https:\/\/kbc-rijeka.hr\/kibsig\/wp-json\/wp\/v2\/users\/1"}],"replies":[{"embeddable":true,"href":"https:\/\/kbc-rijeka.hr\/kibsig\/wp-json\/wp\/v2\/comments?post=73"}],"version-history":[{"count":60,"href":"https:\/\/kbc-rijeka.hr\/kibsig\/wp-json\/wp\/v2\/pages\/73\/revisions"}],"predecessor-version":[{"id":891,"href":"https:\/\/kbc-rijeka.hr\/kibsig\/wp-json\/wp\/v2\/pages\/73\/revisions\/891"}],"wp:attachment":[{"href":"https:\/\/kbc-rijeka.hr\/kibsig\/wp-json\/wp\/v2\/media?parent=73"}],"curies":[{"name":"wp","href":"https:\/\/api.w.org\/{rel}","templated":true}]}}