{"id":50,"date":"2020-11-24T18:32:35","date_gmt":"2020-11-24T18:32:35","guid":{"rendered":"https:\/\/phygital.hr\/kibsig\/?page_id=50"},"modified":"2020-12-09T13:16:42","modified_gmt":"2020-12-09T13:16:42","slug":"rezultati","status":"publish","type":"page","link":"https:\/\/kbc-rijeka.hr\/kibsig\/rezultati\/","title":{"rendered":"Rezultati"},"content":{"rendered":"\t\t<div data-elementor-type=\"wp-page\" data-elementor-id=\"50\" class=\"elementor elementor-50\">\n\t\t\t\t\t\t\t\t\t<section class=\"elementor-section elementor-top-section elementor-element elementor-element-d3e628b elementor-section-boxed elementor-section-height-default elementor-section-height-default\" data-id=\"d3e628b\" data-element_type=\"section\">\n\t\t\t\t\t\t<div class=\"elementor-container elementor-column-gap-default\">\n\t\t\t\t\t<div class=\"elementor-column elementor-col-100 elementor-top-column elementor-element elementor-element-14ceb70\" data-id=\"14ceb70\" data-element_type=\"column\">\n\t\t\t<div class=\"elementor-widget-wrap elementor-element-populated\">\n\t\t\t\t\t\t\t\t<div class=\"elementor-element elementor-element-2f9cabd elementor-widget elementor-widget-text-editor\" data-id=\"2f9cabd\" data-element_type=\"widget\" data-widget_type=\"text-editor.default\">\n\t\t\t\t<div class=\"elementor-widget-container\">\n\t\t\t\t\t\t\t<p>O\u010dekivani mjerljivi rezultati ovog projekta jesu:<\/p><p>\u2022 Politika kiberneti\u010dke sigurnosti Klini\u010dkog bolni\u010dkog centra Rijeka<br>\n    \u2022 Interne procedure kiberneti\u010dke sigurnosti<br>\n    \u2022 Priru\u010dnik za razvoj politike kiberneti\u010dke sigurnosti u sektoru zdravstvu<br>\n    \u2022 10 certificiranih internih IT stru\u010dnjaka<br>\n    \u2022 Odr\u017eane edukativne radionice internog osoblja na temu kiberneti\u010dke sigurnosti<br>\n    \u2022 Dokumenti analize informati\u010dke i infrastrukturne mre\u017ee, smjernice za pobolj\u0161anje<br>\n    \u2022 Nadogradnja dviju server sala te dokumentacija sa procedurama za fizi\u010dki i daljinski pristup server salama<\/p>\t\t\t\t\t\t<\/div>\n\t\t\t\t<\/div>\n\t\t\t\t\t<\/div>\n\t\t<\/div>\n\t\t\t\t\t\t\t<\/div>\n\t\t<\/section>\n\t\t\t\t\t\t\t<\/div>\n\t\t","protected":false},"excerpt":{"rendered":"<p>O\u010dekivani mjerljivi rezultati ovog projekta jesu: \u2022 Politika kiberneti\u010dke sigurnosti Klini\u010dkog bolni\u010dkog centra Rijeka \u2022 Interne procedure kiberneti\u010dke sigurnosti \u2022 Priru\u010dnik za razvoj politike kiberneti\u010dke sigurnosti u sektoru zdravstvu \u2022 10 certificiranih internih IT stru\u010dnjaka \u2022 Odr\u017eane edukativne radionice internog osoblja na temu kiberneti\u010dke sigurnosti \u2022 Dokumenti analize informati\u010dke i infrastrukturne mre\u017ee, smjernice za pobolj\u0161anje [&hellip;]<\/p>\n","protected":false},"author":1,"featured_media":0,"parent":0,"menu_order":0,"comment_status":"closed","ping_status":"closed","template":"elementor_header_footer","meta":{"footnotes":""},"_links":{"self":[{"href":"https:\/\/kbc-rijeka.hr\/kibsig\/wp-json\/wp\/v2\/pages\/50"}],"collection":[{"href":"https:\/\/kbc-rijeka.hr\/kibsig\/wp-json\/wp\/v2\/pages"}],"about":[{"href":"https:\/\/kbc-rijeka.hr\/kibsig\/wp-json\/wp\/v2\/types\/page"}],"author":[{"embeddable":true,"href":"https:\/\/kbc-rijeka.hr\/kibsig\/wp-json\/wp\/v2\/users\/1"}],"replies":[{"embeddable":true,"href":"https:\/\/kbc-rijeka.hr\/kibsig\/wp-json\/wp\/v2\/comments?post=50"}],"version-history":[{"count":14,"href":"https:\/\/kbc-rijeka.hr\/kibsig\/wp-json\/wp\/v2\/pages\/50\/revisions"}],"predecessor-version":[{"id":315,"href":"https:\/\/kbc-rijeka.hr\/kibsig\/wp-json\/wp\/v2\/pages\/50\/revisions\/315"}],"wp:attachment":[{"href":"https:\/\/kbc-rijeka.hr\/kibsig\/wp-json\/wp\/v2\/media?parent=50"}],"curies":[{"name":"wp","href":"https:\/\/api.w.org\/{rel}","templated":true}]}}