{"id":45,"date":"2020-11-24T18:31:15","date_gmt":"2020-11-24T18:31:15","guid":{"rendered":"https:\/\/phygital.hr\/kibsig\/?page_id=45"},"modified":"2020-12-09T13:16:49","modified_gmt":"2020-12-09T13:16:49","slug":"ciljevi-i-svrha","status":"publish","type":"page","link":"https:\/\/kbc-rijeka.hr\/kibsig\/ciljevi-i-svrha\/","title":{"rendered":"Ciljevi i svrha"},"content":{"rendered":"\t\t<div data-elementor-type=\"wp-page\" data-elementor-id=\"45\" class=\"elementor elementor-45\">\n\t\t\t\t\t\t\t\t\t<section class=\"elementor-section elementor-top-section elementor-element elementor-element-d3e628b elementor-section-boxed elementor-section-height-default elementor-section-height-default\" data-id=\"d3e628b\" data-element_type=\"section\">\n\t\t\t\t\t\t<div class=\"elementor-container elementor-column-gap-default\">\n\t\t\t\t\t<div class=\"elementor-column elementor-col-100 elementor-top-column elementor-element elementor-element-14ceb70\" data-id=\"14ceb70\" data-element_type=\"column\">\n\t\t\t<div class=\"elementor-widget-wrap elementor-element-populated\">\n\t\t\t\t\t\t\t\t<div class=\"elementor-element elementor-element-2f9cabd elementor-widget elementor-widget-text-editor\" data-id=\"2f9cabd\" data-element_type=\"widget\" data-widget_type=\"text-editor.default\">\n\t\t\t\t<div class=\"elementor-widget-container\">\n\t\t\t\t\t\t\t<p>Op\u0107i cilj ovog projekta je pove\u0107ati razinu kibereti\u010dke sigurnosti i uskla\u0111ivanje sa zakonskom regulativom Europske unije, odnosno uskla\u0111ivanje sa Nacionalnom strategijom kiberneti\u010dke sigurnosti Republike Hrvatske.<br \/>Na temelju \u010dlanka 39. Zakona o sustavu dr\u017eavne uprave (NN broj 150\/11, 12\/13 \u2013 Odluka Ustavnog suda Republike Hrvatske, 93\/16 i 104\/16), a u vezi s \u010dlankom 6. i 7. Zakona o kiberneti\u010dkoj sigurnosti operatora klju\u010dnih usluga i davatelja digitalnih usluga (NN broj 64\/18), ministar zdravstva donio je odluku kojom se Klini\u010dki bolni\u010dki centar Rijeka odre\u0111uje operatorom klju\u010dnih usluga u zdravstvenom sektoru i to za tercijarnu zdravstvenu za\u0161titu. Odluka je donesena 24. listopada 2018.godine te je temeljem navedene odluke Klini\u010dki bolni\u010dki centar Rijeka du\u017ean uspostaviti i dokumentirati politiku upravljanja sigurno\u0161\u0107u klju\u010dnih sustava.<\/p><p>Jedna od glavnih koristi koje \u0107e projekt donijeti Klini\u010dkom bolni\u010dkom centru Rijeka je pove\u0107anje tehni\u010dkih, profesionalnih i organizacijskih kompetencija. Tehni\u010dka pobolj\u0161anja odnose se na pove\u0107anje sigurnosti server sala i prilagodba najsuvremenijim standardima prilikom gra\u0111evinske rekonstrukcije server sala, zatim na nadogradnju mre\u017ene infrastrukture i nabavu potrebne informati\u010dke opreme. Profesionalna pobolj\u0161anja odnose se na tehni\u010dku obuku informati\u010dkog i ostalog internog osoblja te stjecanje odre\u0111enih certifikata iz podru\u010dja kiberneti\u010dke sigurnosti. Pobolj\u0161anja u organizacijskim sposobnostima se odnose na dono\u0161enje novih politika i procedura u postupanju prilikom raznih situacija povezanih sa kiberneti\u010dkom sigurnosti.<\/p><p>Odr\u017eivost projekta povezana je sa jednim od glavnih rezultata projekta, odnosno sa razvojem procesa obuke i savjetovanja koji bi se u budu\u0107nosti mogao koristiti za obuku drugih pru\u017eatelja zdravstvenih usluga u Hrvatskoj ili partnerskim zemljama.<\/p>\t\t\t\t\t\t<\/div>\n\t\t\t\t<\/div>\n\t\t\t\t\t<\/div>\n\t\t<\/div>\n\t\t\t\t\t\t\t<\/div>\n\t\t<\/section>\n\t\t\t\t\t\t\t<\/div>\n\t\t","protected":false},"excerpt":{"rendered":"<p>Op\u0107i cilj ovog projekta je pove\u0107ati razinu kibereti\u010dke sigurnosti i uskla\u0111ivanje sa zakonskom regulativom Europske unije, odnosno uskla\u0111ivanje sa Nacionalnom strategijom kiberneti\u010dke sigurnosti Republike Hrvatske.Na temelju \u010dlanka 39. Zakona o sustavu dr\u017eavne uprave (NN broj 150\/11, 12\/13 \u2013 Odluka Ustavnog suda Republike Hrvatske, 93\/16 i 104\/16), a u vezi s \u010dlankom 6. i 7. Zakona [&hellip;]<\/p>\n","protected":false},"author":1,"featured_media":0,"parent":0,"menu_order":0,"comment_status":"closed","ping_status":"closed","template":"elementor_header_footer","meta":{"footnotes":""},"_links":{"self":[{"href":"https:\/\/kbc-rijeka.hr\/kibsig\/wp-json\/wp\/v2\/pages\/45"}],"collection":[{"href":"https:\/\/kbc-rijeka.hr\/kibsig\/wp-json\/wp\/v2\/pages"}],"about":[{"href":"https:\/\/kbc-rijeka.hr\/kibsig\/wp-json\/wp\/v2\/types\/page"}],"author":[{"embeddable":true,"href":"https:\/\/kbc-rijeka.hr\/kibsig\/wp-json\/wp\/v2\/users\/1"}],"replies":[{"embeddable":true,"href":"https:\/\/kbc-rijeka.hr\/kibsig\/wp-json\/wp\/v2\/comments?post=45"}],"version-history":[{"count":14,"href":"https:\/\/kbc-rijeka.hr\/kibsig\/wp-json\/wp\/v2\/pages\/45\/revisions"}],"predecessor-version":[{"id":318,"href":"https:\/\/kbc-rijeka.hr\/kibsig\/wp-json\/wp\/v2\/pages\/45\/revisions\/318"}],"wp:attachment":[{"href":"https:\/\/kbc-rijeka.hr\/kibsig\/wp-json\/wp\/v2\/media?parent=45"}],"curies":[{"name":"wp","href":"https:\/\/api.w.org\/{rel}","templated":true}]}}