{"id":250,"date":"2020-12-08T13:25:00","date_gmt":"2020-12-08T13:25:00","guid":{"rendered":"http:\/\/kbc-rijeka.hr\/kibsig\/useful-links\/"},"modified":"2020-12-10T10:59:25","modified_gmt":"2020-12-10T10:59:25","slug":"useful-links","status":"publish","type":"page","link":"https:\/\/kbc-rijeka.hr\/kibsig\/useful-links\/?lang=en","title":{"rendered":"Useful links"},"content":{"rendered":"\t\t<div data-elementor-type=\"wp-page\" data-elementor-id=\"250\" class=\"elementor elementor-250 elementor-82\">\n\t\t\t\t\t\t\t\t\t<section class=\"elementor-section elementor-top-section elementor-element elementor-element-c153e1f elementor-section-boxed elementor-section-height-default elementor-section-height-default\" data-id=\"c153e1f\" data-element_type=\"section\">\n\t\t\t\t\t\t<div class=\"elementor-container elementor-column-gap-default\">\n\t\t\t\t\t<div class=\"elementor-column elementor-col-100 elementor-top-column elementor-element elementor-element-ae4343e\" data-id=\"ae4343e\" data-element_type=\"column\">\n\t\t\t<div class=\"elementor-widget-wrap elementor-element-populated\">\n\t\t\t\t\t\t\t\t<div class=\"elementor-element elementor-element-eab7df0 elementor-widget elementor-widget-text-editor\" data-id=\"eab7df0\" data-element_type=\"widget\" data-widget_type=\"text-editor.default\">\n\t\t\t\t<div class=\"elementor-widget-container\">\n\t\t\t\t\t\t\t<p><span style=\"text-decoration: underline;\"><a href=\"https:\/\/ec.europa.eu\/inea\/en\/connecting-europe-facility\"><strong>CONNECTING EUROPE FACILITY<\/strong><\/a><\/span><\/p>\n<p><span style=\"text-decoration: underline;\"><a href=\"https:\/\/ec.europa.eu\/inea\/en\/connecting-europe-facility\/cef-telecom\"><strong>CEF TELECOM<\/strong><\/a><\/span><\/p>\n<p><span style=\"text-decoration: underline;\"><a href=\"https:\/\/ec.europa.eu\/info\/index_en\"><strong>EUROPSKA KOMISIJA<\/strong><\/a><\/span><\/p>\n<p><strong><br><\/strong><\/p><p><strong>NATIONAL CONTACT PERSONS:<\/strong><\/p>\n<p><strong>Ministry of Economy and Sustainable Development<\/strong><br>Maja Radi\u0161i\u0107 \u017duvani\u0107, Head of the Digital Economy Service<br><span style=\"text-decoration: underline; color: #00427a;\">maja.radisic-zuvanic@mingo.hr<\/span><\/p>\n<p><strong><br>Ministry of Science and Education<\/strong><br>Ana D\u017eepina<br><span style=\"text-decoration: underline;\"><span style=\"color: #00427a; text-decoration: underline;\">ana.dzepina@mzo.hr<\/span><\/span><\/p>\n<p>Nata\u0161a Lovri\u0107<br><span style=\"text-decoration: underline;\"><span style=\"color: #00427a; text-decoration: underline;\">natasa.lovric@mzo.hr<\/span><\/span><\/p>\n<p><strong><br>Ministry of Labour, Pension System, Family and Social Policy<\/strong><br>Luka Novosel<br><span style=\"text-decoration: underline;\"><span style=\"color: #00427a; text-decoration: underline;\">luka.novosel@mrms.hr<\/span><\/span><\/p>\n<p>Nada Trgov\u010devi\u0107 Letica<br><span style=\"text-decoration: underline; color: #00427a;\">nada.trgovcevicletica@mrms.hr<\/span><\/p>\t\t\t\t\t\t<\/div>\n\t\t\t\t<\/div>\n\t\t\t\t\t<\/div>\n\t\t<\/div>\n\t\t\t\t\t\t\t<\/div>\n\t\t<\/section>\n\t\t\t\t\t\t\t<\/div>\n\t\t","protected":false},"excerpt":{"rendered":"<p>CONNECTING EUROPE FACILITY CEF TELECOM EUROPSKA KOMISIJA NATIONAL CONTACT PERSONS: Ministry of Economy and Sustainable DevelopmentMaja Radi\u0161i\u0107 \u017duvani\u0107, Head of the Digital Economy Servicemaja.radisic-zuvanic@mingo.hr Ministry of Science and EducationAna D\u017eepinaana.dzepina@mzo.hr Nata\u0161a Lovri\u0107natasa.lovric@mzo.hr Ministry of Labour, Pension System, Family and Social PolicyLuka Novoselluka.novosel@mrms.hr Nada Trgov\u010devi\u0107 Leticanada.trgovcevicletica@mrms.hr<\/p>\n","protected":false},"author":1,"featured_media":0,"parent":0,"menu_order":0,"comment_status":"closed","ping_status":"closed","template":"elementor_header_footer","meta":{"footnotes":""},"_links":{"self":[{"href":"https:\/\/kbc-rijeka.hr\/kibsig\/wp-json\/wp\/v2\/pages\/250"}],"collection":[{"href":"https:\/\/kbc-rijeka.hr\/kibsig\/wp-json\/wp\/v2\/pages"}],"about":[{"href":"https:\/\/kbc-rijeka.hr\/kibsig\/wp-json\/wp\/v2\/types\/page"}],"author":[{"embeddable":true,"href":"https:\/\/kbc-rijeka.hr\/kibsig\/wp-json\/wp\/v2\/users\/1"}],"replies":[{"embeddable":true,"href":"https:\/\/kbc-rijeka.hr\/kibsig\/wp-json\/wp\/v2\/comments?post=250"}],"version-history":[{"count":7,"href":"https:\/\/kbc-rijeka.hr\/kibsig\/wp-json\/wp\/v2\/pages\/250\/revisions"}],"predecessor-version":[{"id":553,"href":"https:\/\/kbc-rijeka.hr\/kibsig\/wp-json\/wp\/v2\/pages\/250\/revisions\/553"}],"wp:attachment":[{"href":"https:\/\/kbc-rijeka.hr\/kibsig\/wp-json\/wp\/v2\/media?parent=250"}],"curies":[{"name":"wp","href":"https:\/\/api.w.org\/{rel}","templated":true}]}}