{"id":13,"date":"2020-11-24T14:55:48","date_gmt":"2020-11-24T14:55:48","guid":{"rendered":"https:\/\/phygital.hr\/kibsig\/?page_id=13"},"modified":"2020-12-09T13:57:56","modified_gmt":"2020-12-09T13:57:56","slug":"osnovne-informacije","status":"publish","type":"page","link":"https:\/\/kbc-rijeka.hr\/kibsig\/osnovne-informacije\/","title":{"rendered":"Osnovne informacije"},"content":{"rendered":"\t\t<div data-elementor-type=\"wp-page\" data-elementor-id=\"13\" class=\"elementor elementor-13\">\n\t\t\t\t\t\t\t\t\t<section class=\"elementor-section elementor-top-section elementor-element elementor-element-d3e628b elementor-section-boxed elementor-section-height-default elementor-section-height-default\" data-id=\"d3e628b\" data-element_type=\"section\">\n\t\t\t\t\t\t<div class=\"elementor-container elementor-column-gap-default\">\n\t\t\t\t\t<div class=\"elementor-column elementor-col-100 elementor-top-column elementor-element elementor-element-14ceb70\" data-id=\"14ceb70\" data-element_type=\"column\">\n\t\t\t<div class=\"elementor-widget-wrap elementor-element-populated\">\n\t\t\t\t\t\t\t\t<div class=\"elementor-element elementor-element-2f9cabd elementor-widget elementor-widget-text-editor\" data-id=\"2f9cabd\" data-element_type=\"widget\" data-widget_type=\"text-editor.default\">\n\t\t\t\t<div class=\"elementor-widget-container\">\n\t\t\t\t\t\t\t<p>Dana 06. kolovoza 2020. potpisan je ugovor o dodjeli sredstava za projekt \u201c<strong>Pove\u0107anje kapaciteta kiberneti\u010dke sigurnosti i sukladnosti s NIS direktivom u KBC-u Rijeka<\/strong>\u201d izme\u0111u Izvr\u0161ne agencije za inovacije i mre\u017ee (Innovation and Networks Agency \u2013 INEA) i Klini\u010dkog bolni\u010dkog centra Rijeka. Ukupna vrijednost projekta iznosi 2.489.942,00 kn, a sufinanciran je sredstvima iz programa CEF Telecom za razvoj Europske infrastrukture digitalnih usluga.<\/p><p>Predvi\u0111eno trajanje projekta je 36 mjeseci, a osnovni je cilj unutar sustava Klini\u010dkog bolni\u010dkog centra Rijeka pove\u0107ati kiberneti\u010dku sigurnost i uskla\u0111enost s Direktivom o mjerama za visoku zajedni\u010dku razinu sigurnosti mre\u017enih i informacijskih sustava (NIS direktiva) i Nacionalnom strategijom kiberneti\u010dke sigurnosti u Hrvatskoj. Klini\u010dki bolni\u010dki centar Rijeka imenovan je operaterom klju\u010dnih usluga (OES) u zdravstvenom sektoru te ga kao takvog hrvatsko Vije\u0107e za nacionalnu sigurnost obvezuje razviti unutarnju politiku i postupke kiberneti\u010dke sigurnosti kao i pobolj\u0161ati razinu zrelosti kiberneti\u010dke sigurnosti.<\/p><p>Projektom \u0107e se pove\u0107ati tehni\u010dke, profesionalne i organizacijske kompetencije korisnika. Klini\u010dki bolni\u010dki centar Rijeka \u0107e posebnu pozornost posvetiti nadogradnji svoje tehni\u010dke infrastrukture i za\u0161titi server sala, kao i nadogradnji i oja\u010danju sigurnosti cijele svoje ra\u010dunalne mre\u017ee. Nadalje, razviti \u0107e se i provoditi vlastita politika kiberneti\u010dke sigurnosti i uspostaviti procedure za kontinuiranu komunikaciju s Nacionalnim tijelom za prevenciju i za\u0161titu od ra\u010dunalnih ugroza sigurnosti javnih informacijskih sustava (CERT &#8211; CSIRT) te \u0107e se definirati procedura izvje\u0161tavanja o incidentima kiberneti\u010dke sigurnosti.<\/p><p>Projektom \u0107e se razviti postupak obuke, revizije te savjetovanja koji se u budu\u0107nosti mogu koristiti za osposobljavanje ostalih operatora klju\u010dnih usluga u sektoru zdravstva u Hrvatskoj ili u drugim zemljama Europske unije.<\/p><p>Tako\u0111er, projektom \u0107e se pobolj\u0161ati suradnja Klini\u010dkog bolni\u010dkog centra Rijeka s relevantnim dionicima za kiberneti\u010dku sigurnost na nacionalnoj i europskoj razini. Pridru\u017eiti \u0107e se relevantnom sektorskom ISAC-u na europskoj razini i sudjelovati \u0107e u doga\u0111ajima koje organizira voditelj ISAC-a (uspostavila ih je Europska komisija) i, prema potrebi, koristiti usluge podr\u0161ke tog voditelja.<\/p>\t\t\t\t\t\t<\/div>\n\t\t\t\t<\/div>\n\t\t\t\t\t<\/div>\n\t\t<\/div>\n\t\t\t\t\t\t\t<\/div>\n\t\t<\/section>\n\t\t\t\t\t\t\t<\/div>\n\t\t","protected":false},"excerpt":{"rendered":"<p>Dana 06. kolovoza 2020. potpisan je ugovor o dodjeli sredstava za projekt \u201cPove\u0107anje kapaciteta kiberneti\u010dke sigurnosti i sukladnosti s NIS direktivom u KBC-u Rijeka\u201d izme\u0111u Izvr\u0161ne agencije za inovacije i mre\u017ee (Innovation and Networks Agency \u2013 INEA) i Klini\u010dkog bolni\u010dkog centra Rijeka. Ukupna vrijednost projekta iznosi 2.489.942,00 kn, a sufinanciran je sredstvima iz programa CEF [&hellip;]<\/p>\n","protected":false},"author":1,"featured_media":0,"parent":0,"menu_order":0,"comment_status":"closed","ping_status":"closed","template":"elementor_header_footer","meta":{"footnotes":""},"_links":{"self":[{"href":"https:\/\/kbc-rijeka.hr\/kibsig\/wp-json\/wp\/v2\/pages\/13"}],"collection":[{"href":"https:\/\/kbc-rijeka.hr\/kibsig\/wp-json\/wp\/v2\/pages"}],"about":[{"href":"https:\/\/kbc-rijeka.hr\/kibsig\/wp-json\/wp\/v2\/types\/page"}],"author":[{"embeddable":true,"href":"https:\/\/kbc-rijeka.hr\/kibsig\/wp-json\/wp\/v2\/users\/1"}],"replies":[{"embeddable":true,"href":"https:\/\/kbc-rijeka.hr\/kibsig\/wp-json\/wp\/v2\/comments?post=13"}],"version-history":[{"count":32,"href":"https:\/\/kbc-rijeka.hr\/kibsig\/wp-json\/wp\/v2\/pages\/13\/revisions"}],"predecessor-version":[{"id":356,"href":"https:\/\/kbc-rijeka.hr\/kibsig\/wp-json\/wp\/v2\/pages\/13\/revisions\/356"}],"wp:attachment":[{"href":"https:\/\/kbc-rijeka.hr\/kibsig\/wp-json\/wp\/v2\/media?parent=13"}],"curies":[{"name":"wp","href":"https:\/\/api.w.org\/{rel}","templated":true}]}}