{"id":52309,"date":"2018-02-12T11:03:18","date_gmt":"2018-02-12T11:03:18","guid":{"rendered":"http:\/\/barokomora.kbc-rijeka.hr\/?page_id=52309"},"modified":"2025-04-16T13:48:55","modified_gmt":"2025-04-16T13:48:55","slug":"kontakti","status":"publish","type":"page","link":"https:\/\/kbc-rijeka.hr\/barokomora\/kontakti\/","title":{"rendered":"Kontakti"},"content":{"rendered":"<p>[et_pb_section fb_built=&#8221;1&#8243; admin_label=&#8221;Center Aligned Text &#8221; _builder_version=&#8221;3.22&#8243; background_color=&#8221;#f8fbfe&#8221; use_background_color_gradient=&#8221;on&#8221; background_color_gradient_start=&#8221;#00c3d8&#8243; background_color_gradient_end=&#8221;#0780b5&#8243; background_color_gradient_direction=&#8221;135deg&#8221; background_image=&#8221;http:\/\/kbc-rijeka.hr\/barokomora\/wp-content\/uploads\/2018\/01\/geometric-bg-overlay-01.jpg&#8221; background_blend=&#8221;overlay&#8221; custom_padding=&#8221;3%|0px|0%|0px&#8221; animation_style=&#8221;zoom&#8221; animation_direction=&#8221;bottom&#8221; animation_intensity_zoom=&#8221;8%&#8221; animation_starting_opacity=&#8221;100%&#8221;][et_pb_row _builder_version=&#8221;3.25&#8243;][et_pb_column type=&#8221;4_4&#8243; _builder_version=&#8221;3.25&#8243; custom_padding=&#8221;|||&#8221; custom_padding__hover=&#8221;|||&#8221;][et_pb_text _builder_version=&#8221;3.27.4&#8243; text_font=&#8221;||||||||&#8221; text_text_color=&#8221;#ffffff&#8221; text_font_size=&#8221;18px&#8221; text_line_height=&#8221;1.8em&#8221; header_font=&#8221;|700|||||||&#8221; header_font_size=&#8221;45px&#8221; header_line_height=&#8221;1.3em&#8221; header_2_font=&#8221;||||||||&#8221; text_orientation=&#8221;center&#8221; background_layout=&#8221;dark&#8221; max_width=&#8221;700px&#8221; module_alignment=&#8221;center&#8221;]<\/p>\n<h1>Kontakti<\/h1>\n<p>[\/et_pb_text][\/et_pb_column][\/et_pb_row][\/et_pb_section][et_pb_section fb_built=&#8221;1&#8243; admin_label=&#8221;Features CTA Section&#8221; _builder_version=&#8221;3.22&#8243; custom_padding=&#8221;0px|0px|0px|0px&#8221; saved_tabs=&#8221;all&#8221;][et_pb_row column_structure=&#8221;1_2,1_2&#8243; admin_label=&#8221;Left Sided Image&#8221; _builder_version=&#8221;3.25&#8243; custom_padding=&#8221;60px|0px|60px|0px&#8221;][et_pb_column type=&#8221;1_2&#8243; _builder_version=&#8221;3.25&#8243; custom_padding=&#8221;|||&#8221; custom_padding__hover=&#8221;|||&#8221;][et_pb_image src=&#8221;http:\/\/kbc-rijeka.hr\/barokomora\/wp-content\/uploads\/2018\/02\/M_00001.jpg&#8221; align_tablet=&#8221;center&#8221; align_phone=&#8221;&#8221; align_last_edited=&#8221;on|desktop&#8221; _builder_version=&#8221;3.23&#8243; animation_style=&#8221;zoom&#8221; animation_direction=&#8221;right&#8221; animation_intensity_zoom=&#8221;5%&#8221;]&nbsp;<br \/>\n[\/et_pb_image][et_pb_map address=&#8221;Ul. Tome Stri\u017ei\u0107a 3, 51000, Rijeka, Croatia&#8221; zoom_level=&#8221;14&#8243; address_lat=&#8221;45.3258509&#8243; address_lng=&#8221;14.4702662&#8243; _builder_version=&#8221;3.0.96&#8243;][et_pb_map_pin title=&#8221;Tome Stri\u017ei\u0107a 3&#8243; pin_address=&#8221;Ul. Tome Stri\u017ei\u0107a 3, 51000, Rijeka, Croatia&#8221; pin_address_lat=&#8221;45.3258509&#8243; pin_address_lng=&#8221;14.4702662&#8243; _builder_version=&#8221;3.0.96&#8243;][\/et_pb_map_pin][\/et_pb_map][\/et_pb_column][et_pb_column type=&#8221;1_2&#8243; _builder_version=&#8221;3.25&#8243; custom_padding=&#8221;|||&#8221; custom_padding__hover=&#8221;|||&#8221;][et_pb_text _builder_version=&#8221;3.27.4&#8243; text_font=&#8221;Nunito Sans||||||||&#8221; text_text_color=&#8221;#959baf&#8221; text_font_size=&#8221;18px&#8221; text_line_height=&#8221;1.8em&#8221; header_text_align=&#8221;left&#8221; header_2_font=&#8221;Nunito Sans|700|||||||&#8221; header_2_text_color=&#8221;#535b7c&#8221; header_2_font_size=&#8221;35px&#8221; header_2_line_height=&#8221;1.3em&#8221; max_width=&#8221;700px&#8221; module_alignment=&#8221;center&#8221;]<\/p>\n<h2>ZAVOD ZA PODVODNU I HIPERBARI\u010cNU MEDICINU<\/h2>\n<p>&nbsp;<\/p>\n<p><span style=\"color: #0c0c0c;\">KLINI\u010cKI BOLNI\u010cKI CENTAR RIJEKA<\/span><br \/> Lokalitet Su\u0161ak<br \/> Tome Stri\u017ei\u0107a 3<br \/> 51 000 Rijeka<\/p>\n<p>Tel: +385 (0)51 407-435<br \/> Fax: +385 (0)51 407-272<br \/> <a href=\"mailto:barokomora@kbc-rijeka.hr\">barokomora@kbc-rijeka.hr<\/a><\/p>\n<p>V. d. pro\u010delnika:<br \/> Boris Reini\u0107, dr. med.<br \/> <a href=\"mailto:barokomora.voditelj@kbc-rijeka.hr\">barokomora.voditelj@kbc-rijeka.hr<\/a><\/p>\n<p>V. d. glavne sestre:<br \/> Emanuela Marcucci, mag. med. techn.<br \/> <a href=\"mailto:barokomora.gls@kbc-rijeka.hr\">barokomora.gls@kbc-rijeka.hr<\/a><\/p>\n<p>Safety manager: \u0110ordano Bucci, dipl. ing. stroj.<br \/> <a href=\"mailto:barokomora.teh@kbc-rijeka.hr\">barokomora.teh@kbc-rijeka.hr<\/a><\/p>\n<p><a href=\"barokomora.kbc-rijeka.hr\">barokomora.kbc-rijeka.hr<\/a><\/p>\n<p>[\/et_pb_text][\/et_pb_column][\/et_pb_row][\/et_pb_section][et_pb_section fb_built=&#8221;1&#8243; admin_label=&#8221;section&#8221; _builder_version=&#8221;3.22&#8243; background_color=&#8221;#2e3192&#8243; transparent_background=&#8221;off&#8221; padding_mobile=&#8221;off&#8221;][et_pb_row column_structure=&#8221;1_3,1_3,1_3&#8243; padding_mobile=&#8221;off&#8221; column_padding_mobile=&#8221;on&#8221; admin_label=&#8221;row&#8221; _builder_version=&#8221;3.25&#8243; background_size=&#8221;initial&#8221; background_position=&#8221;top_left&#8221; background_repeat=&#8221;repeat&#8221;][et_pb_column type=&#8221;1_3&#8243; _builder_version=&#8221;3.25&#8243; custom_padding=&#8221;|||&#8221; custom_padding__hover=&#8221;|||&#8221;][et_pb_image src=&#8221;http:\/\/kbc-rijeka.hr\/barokomora\/wp-content\/uploads\/2018\/11\/Logo_barokomora_negativ200.png&#8221; align_tablet=&#8221;center&#8221; align_phone=&#8221;&#8221; align_last_edited=&#8221;on|desktop&#8221; _builder_version=&#8221;4.0.11&#8243; animation_style=&#8221;slide&#8221; animation_direction=&#8221;left&#8221; animation_duration=&#8221;500ms&#8221; animation_intensity_slide=&#8221;10%&#8221; hover_enabled=&#8221;0&#8243;]&nbsp;<br \/>\n[\/et_pb_image][et_pb_image src=&#8221;http:\/\/kbc-rijeka.hr\/barokomora\/wp-content\/uploads\/2018\/02\/LOGO-TRANSPARENTNI-1000X1000-1.png&#8221; align_tablet=&#8221;center&#8221; align_phone=&#8221;&#8221; align_last_edited=&#8221;on|desktop&#8221; _builder_version=&#8221;3.23&#8243; animation_style=&#8221;slide&#8221; animation_direction=&#8221;left&#8221; animation_duration=&#8221;500ms&#8221; animation_intensity_slide=&#8221;10%&#8221;]&nbsp;<br \/>\n[\/et_pb_image][\/et_pb_column][et_pb_column type=&#8221;1_3&#8243; _builder_version=&#8221;3.25&#8243; custom_padding=&#8221;|||&#8221; custom_padding__hover=&#8221;|||&#8221;][et_pb_text _builder_version=&#8221;3.27.4&#8243; text_font=&#8221;||||||||&#8221; text_text_color=&#8221;#c9c9c9&#8243; text_font_size=&#8221;15px&#8221; text_line_height=&#8221;1.8em&#8221; header_font=&#8221;||||||||&#8221; header_font_size=&#8221;23px&#8221; header_3_font=&#8221;||||||||&#8221; header_3_font_size=&#8221;16px&#8221; header_3_line_height=&#8221;1.5em&#8221; background_size=&#8221;initial&#8221; background_position=&#8221;top_left&#8221; background_repeat=&#8221;repeat&#8221; background_layout=&#8221;dark&#8221;]<\/p>\n<h3>KBC RIJEKA<\/h3>\n<p>Lokalitet Su\u0161ak<br \/>\nTome Stri\u017ei\u0107a 3<br \/>\n51 000 Rijeka<br \/>\n[\/et_pb_text][\/et_pb_column][et_pb_column type=&#8221;1_3&#8243; _builder_version=&#8221;3.25&#8243; custom_padding=&#8221;|||&#8221; custom_padding__hover=&#8221;|||&#8221;][et_pb_text _builder_version=&#8221;3.27.4&#8243; text_font=&#8221;||||||||&#8221; text_text_color=&#8221;#c9c9c9&#8243; text_font_size=&#8221;15px&#8221; text_line_height=&#8221;1.8em&#8221; header_font=&#8221;||||||||&#8221; header_font_size=&#8221;23px&#8221; header_3_font=&#8221;||||||||&#8221; header_3_font_size=&#8221;16px&#8221; header_3_line_height=&#8221;1.5em&#8221; background_size=&#8221;initial&#8221; background_position=&#8221;top_left&#8221; background_repeat=&#8221;repeat&#8221; background_layout=&#8221;dark&#8221;]<\/p>\n<h3>KONTAKT PODACI<\/h3>\n<p>TEL: +385 (0)51 407-435<br \/>\nFAX: +385 (0)51 407-272<br \/>\nMAIL: barokomora@kbc-rijeka.hr<br \/>\n[\/et_pb_text][\/et_pb_column][\/et_pb_row][\/et_pb_section]<\/p>\n","protected":false},"excerpt":{"rendered":"<p>[et_pb_section fb_built=&#8221;1&#8243; admin_label=&#8221;Center Aligned Text &#8221; _builder_version=&#8221;3.22&#8243; background_color=&#8221;#f8fbfe&#8221; use_background_color_gradient=&#8221;on&#8221; background_color_gradient_start=&#8221;#00c3d8&#8243; background_color_gradient_end=&#8221;#0780b5&#8243; background_color_gradient_direction=&#8221;135deg&#8221; background_image=&#8221;http:\/\/kbc-rijeka.hr\/barokomora\/wp-content\/uploads\/2018\/01\/geometric-bg-overlay-01.jpg&#8221; background_blend=&#8221;overlay&#8221; custom_padding=&#8221;3%|0px|0%|0px&#8221; animation_style=&#8221;zoom&#8221; animation_direction=&#8221;bottom&#8221; animation_intensity_zoom=&#8221;8%&#8221; animation_starting_opacity=&#8221;100%&#8221;][et_pb_row _builder_version=&#8221;3.25&#8243;][et_pb_column type=&#8221;4_4&#8243; _builder_version=&#8221;3.25&#8243; custom_padding=&#8221;|||&#8221; custom_padding__hover=&#8221;|||&#8221;][et_pb_text _builder_version=&#8221;3.27.4&#8243; text_font=&#8221;||||||||&#8221; text_text_color=&#8221;#ffffff&#8221; text_font_size=&#8221;18px&#8221; text_line_height=&#8221;1.8em&#8221; header_font=&#8221;|700|||||||&#8221; header_font_size=&#8221;45px&#8221; header_line_height=&#8221;1.3em&#8221; header_2_font=&#8221;||||||||&#8221; text_orientation=&#8221;center&#8221; background_layout=&#8221;dark&#8221; max_width=&#8221;700px&#8221; module_alignment=&#8221;center&#8221;] Kontakti [\/et_pb_text][\/et_pb_column][\/et_pb_row][\/et_pb_section][et_pb_section fb_built=&#8221;1&#8243; admin_label=&#8221;Features CTA Section&#8221; _builder_version=&#8221;3.22&#8243; custom_padding=&#8221;0px|0px|0px|0px&#8221; saved_tabs=&#8221;all&#8221;][et_pb_row column_structure=&#8221;1_2,1_2&#8243; admin_label=&#8221;Left Sided Image&#8221; _builder_version=&#8221;3.25&#8243; custom_padding=&#8221;60px|0px|60px|0px&#8221;][et_pb_column type=&#8221;1_2&#8243; _builder_version=&#8221;3.25&#8243; custom_padding=&#8221;|||&#8221; [&hellip;]<\/p>\n","protected":false},"author":1,"featured_media":0,"parent":0,"menu_order":0,"comment_status":"closed","ping_status":"closed","template":"","meta":{"_et_pb_use_builder":"on","_et_pb_old_content":""},"_links":{"self":[{"href":"https:\/\/kbc-rijeka.hr\/barokomora\/wp-json\/wp\/v2\/pages\/52309"}],"collection":[{"href":"https:\/\/kbc-rijeka.hr\/barokomora\/wp-json\/wp\/v2\/pages"}],"about":[{"href":"https:\/\/kbc-rijeka.hr\/barokomora\/wp-json\/wp\/v2\/types\/page"}],"author":[{"embeddable":true,"href":"https:\/\/kbc-rijeka.hr\/barokomora\/wp-json\/wp\/v2\/users\/1"}],"replies":[{"embeddable":true,"href":"https:\/\/kbc-rijeka.hr\/barokomora\/wp-json\/wp\/v2\/comments?post=52309"}],"version-history":[{"count":7,"href":"https:\/\/kbc-rijeka.hr\/barokomora\/wp-json\/wp\/v2\/pages\/52309\/revisions"}],"predecessor-version":[{"id":52586,"href":"https:\/\/kbc-rijeka.hr\/barokomora\/wp-json\/wp\/v2\/pages\/52309\/revisions\/52586"}],"wp:attachment":[{"href":"https:\/\/kbc-rijeka.hr\/barokomora\/wp-json\/wp\/v2\/media?parent=52309"}],"curies":[{"name":"wp","href":"https:\/\/api.w.org\/{rel}","templated":true}]}}