{"id":228,"date":"2020-12-08T13:12:05","date_gmt":"2020-12-08T13:12:05","guid":{"rendered":"http:\/\/kbc-rijeka.hr\/kibsig\/news\/"},"modified":"2022-03-15T14:16:32","modified_gmt":"2022-03-15T14:16:32","slug":"homepage","status":"publish","type":"page","link":"http:\/\/kbc-rijeka.hr\/kibsig\/homepage\/?lang=en","title":{"rendered":"Homepage"},"content":{"rendered":"\t\t<div data-elementor-type=\"wp-page\" data-elementor-id=\"228\" class=\"elementor elementor-228 elementor-157\">\n\t\t\t\t\t\t\t\t\t<section class=\"elementor-section elementor-top-section elementor-element elementor-element-0850420 elementor-section-full_width elementor-section-height-default elementor-section-height-default\" data-id=\"0850420\" data-element_type=\"section\" data-settings=\"{&quot;background_background&quot;:&quot;classic&quot;}\">\n\t\t\t\t\t\t<div class=\"elementor-container elementor-column-gap-default\">\n\t\t\t\t\t<div class=\"elementor-column elementor-col-100 elementor-top-column elementor-element elementor-element-bf975f3\" data-id=\"bf975f3\" data-element_type=\"column\">\n\t\t\t<div class=\"elementor-widget-wrap elementor-element-populated\">\n\t\t\t\t\t\t\t\t<div class=\"elementor-element elementor-element-d6cca4c elementor-invisible elementor-widget elementor-widget-image\" data-id=\"d6cca4c\" data-element_type=\"widget\" data-settings=\"{&quot;_animation&quot;:&quot;fadeInDown&quot;}\" data-widget_type=\"image.default\">\n\t\t\t\t<div class=\"elementor-widget-container\">\n\t\t\t\t\t\t\t\t\t\t\t\t\t\t\t<img decoding=\"async\" src=\"http:\/\/kbc-rijeka.hr\/kibsig\/wp-content\/uploads\/elementor\/thumbs\/kbc-rijeka-main-logo-qa2kr9lmwlc98b8gsynyb2oolom62dcv9jl4cy1lrc.png\" title=\"kbc-rijeka-main-logo\" alt=\"kbc-rijeka-main-logo\" loading=\"lazy\" \/>\t\t\t\t\t\t\t\t\t\t\t\t\t\t\t<\/div>\n\t\t\t\t<\/div>\n\t\t\t\t<div class=\"elementor-element elementor-element-c6c4d95 elementor-widget elementor-widget-heading\" data-id=\"c6c4d95\" data-element_type=\"widget\" data-widget_type=\"heading.default\">\n\t\t\t\t<div class=\"elementor-widget-container\">\n\t\t\t<h1 class=\"elementor-heading-title elementor-size-default\">INCREASING CYBERSECURITY CAPACITY AND<br> \nNIS DIRECTIVE COMPLIANCE IN CHC RIJEKA<br> \n2019-HR-IA-0069<\/h1>\t\t<\/div>\n\t\t\t\t<\/div>\n\t\t\t\t\t<\/div>\n\t\t<\/div>\n\t\t\t\t\t\t\t<\/div>\n\t\t<\/section>\n\t\t\t\t<section class=\"elementor-section elementor-top-section elementor-element elementor-element-d3e628b elementor-section-boxed elementor-section-height-default elementor-section-height-default\" data-id=\"d3e628b\" data-element_type=\"section\">\n\t\t\t\t\t\t<div class=\"elementor-container elementor-column-gap-default\">\n\t\t\t\t\t<div class=\"elementor-column elementor-col-100 elementor-top-column elementor-element elementor-element-14ceb70\" data-id=\"14ceb70\" data-element_type=\"column\">\n\t\t\t<div class=\"elementor-widget-wrap elementor-element-populated\">\n\t\t\t\t\t\t\t\t<div class=\"elementor-element elementor-element-ab5e56f elementor-grid-1 elementor-grid-tablet-2 elementor-grid-mobile-1 elementor-posts--thumbnail-top elementor-posts--show-avatar elementor-card-shadow-yes elementor-posts__hover-gradient elementor-widget elementor-widget-posts\" data-id=\"ab5e56f\" data-element_type=\"widget\" data-settings=\"{&quot;cards_columns&quot;:&quot;1&quot;,&quot;cards_columns_tablet&quot;:&quot;2&quot;,&quot;cards_columns_mobile&quot;:&quot;1&quot;,&quot;cards_row_gap&quot;:{&quot;unit&quot;:&quot;px&quot;,&quot;size&quot;:35,&quot;sizes&quot;:[]}}\" data-widget_type=\"posts.cards\">\n\t\t\t\t<div class=\"elementor-widget-container\">\n\t\t\t\t\t<div class=\"elementor-posts-container elementor-posts elementor-posts--skin-cards elementor-grid\">\n\t\t\t\t<article class=\"elementor-post elementor-grid-item post-869 post type-post status-publish format-standard hentry category-novosti\">\n\t\t\t<div class=\"elementor-post__card\">\n\t\t\t\t<div class=\"elementor-post__text\">\n\t\t\t\t<h3 class=\"elementor-post__title\">\n\t\t\t<a href=\"http:\/\/kbc-rijeka.hr\/kibsig\/provedene-interne-edukacije-i-tecajevi-za-djelatnike\/\" >\n\t\t\t\tProvedene interne edukacije i te\u010dajevi za djelatnike\t\t\t<\/a>\n\t\t<\/h3>\n\t\t\t\t<div class=\"elementor-post__excerpt\">\n\t\t\t<p>Brojni te\u010dajevi i radionice za djelatnike KBC-a Rijeka<\/p>\n\t\t<\/div>\n\t\t\t\t\t<a class=\"elementor-post__read-more\" href=\"http:\/\/kbc-rijeka.hr\/kibsig\/provedene-interne-edukacije-i-tecajevi-za-djelatnike\/\" >\n\t\t\t\tRead more\t\t\t<\/a>\n\t\t\t\t<\/div>\n\t\t\t\t<div class=\"elementor-post__meta-data\">\n\t\t\t\t\t<span class=\"elementor-post-date\">\n\t\t\t03\/21\/2023\t\t<\/span>\n\t\t\t\t<\/div>\n\t\t\t\t\t<\/div>\n\t\t<\/article>\n\t\t\t\t<article class=\"elementor-post elementor-grid-item post-863 post type-post status-publish format-standard hentry\">\n\t\t\t<div class=\"elementor-post__card\">\n\t\t\t\t<div class=\"elementor-post__text\">\n\t\t\t\t<h3 class=\"elementor-post__title\">\n\t\t\t<a href=\"http:\/\/kbc-rijeka.hr\/kibsig\/clanovi-projektnog-tima-sudjelovali-su-u-isac-ovim-radionicama-i-konferencijama\/\" >\n\t\t\t\t\u010clanovi projektnog tima sudjelovali su u ISAC-ovim radionicama i konferencijama\t\t\t<\/a>\n\t\t<\/h3>\n\t\t\t\t<div class=\"elementor-post__excerpt\">\n\t\t\t<p>Odr\u017eano nekoliko online radionica<\/p>\n\t\t<\/div>\n\t\t\t\t\t<a class=\"elementor-post__read-more\" href=\"http:\/\/kbc-rijeka.hr\/kibsig\/clanovi-projektnog-tima-sudjelovali-su-u-isac-ovim-radionicama-i-konferencijama\/\" >\n\t\t\t\tRead more\t\t\t<\/a>\n\t\t\t\t<\/div>\n\t\t\t\t<div class=\"elementor-post__meta-data\">\n\t\t\t\t\t<span class=\"elementor-post-date\">\n\t\t\t03\/21\/2023\t\t<\/span>\n\t\t\t\t<\/div>\n\t\t\t\t\t<\/div>\n\t\t<\/article>\n\t\t\t\t<article class=\"elementor-post elementor-grid-item post-830 post type-post status-publish format-standard hentry\">\n\t\t\t<div class=\"elementor-post__card\">\n\t\t\t\t<div class=\"elementor-post__text\">\n\t\t\t\t<h3 class=\"elementor-post__title\">\n\t\t\t<a href=\"http:\/\/kbc-rijeka.hr\/kibsig\/usvojena-politika-kiberneticke-sigurnosti\/\" >\n\t\t\t\tUSVOJENA POLITIKA KIBERNETI\u010cKE SIGURNOSTI\t\t\t<\/a>\n\t\t<\/h3>\n\t\t\t\t<div class=\"elementor-post__excerpt\">\n\t\t\t<p>Tijekom 2021. godine sastavljene su i napisane Politika kiberneti\u010dke sigurnosti, Politika sigurnosti informacijskog sustava te Politika zaporki.<\/p>\n\t\t<\/div>\n\t\t\t\t\t<a class=\"elementor-post__read-more\" href=\"http:\/\/kbc-rijeka.hr\/kibsig\/usvojena-politika-kiberneticke-sigurnosti\/\" >\n\t\t\t\tRead more\t\t\t<\/a>\n\t\t\t\t<\/div>\n\t\t\t\t<div class=\"elementor-post__meta-data\">\n\t\t\t\t\t<span class=\"elementor-post-date\">\n\t\t\t03\/18\/2022\t\t<\/span>\n\t\t\t\t<\/div>\n\t\t\t\t\t<\/div>\n\t\t<\/article>\n\t\t\t\t<article class=\"elementor-post elementor-grid-item post-754 post type-post status-publish format-standard hentry category-uncategorized-hr\">\n\t\t\t<div class=\"elementor-post__card\">\n\t\t\t\t<div class=\"elementor-post__text\">\n\t\t\t\t<h3 class=\"elementor-post__title\">\n\t\t\t<a href=\"http:\/\/kbc-rijeka.hr\/kibsig\/odrzana-online-radionica-supply-chain-cybersecurity\/\" >\n\t\t\t\tODR\u017dANA ONLINE RADIONICA \u201eSUPPLY CHAIN CYBERSECURITY\u201c\t\t\t<\/a>\n\t\t<\/h3>\n\t\t\t\t<div class=\"elementor-post__excerpt\">\n\t\t\t<p>Dana 24. studenog 2021. u organizaciji konzorcija Empowering EU ISAC i Europske komisije (DG CONNECT) odr\u017eana je online radionica na temu kiberneti\u010dke sigurnosti. Tema radionice<\/p>\n\t\t<\/div>\n\t\t\t\t\t<a class=\"elementor-post__read-more\" href=\"http:\/\/kbc-rijeka.hr\/kibsig\/odrzana-online-radionica-supply-chain-cybersecurity\/\" >\n\t\t\t\tRead more\t\t\t<\/a>\n\t\t\t\t<\/div>\n\t\t\t\t<div class=\"elementor-post__meta-data\">\n\t\t\t\t\t<span class=\"elementor-post-date\">\n\t\t\t12\/13\/2021\t\t<\/span>\n\t\t\t\t<\/div>\n\t\t\t\t\t<\/div>\n\t\t<\/article>\n\t\t\t\t<article class=\"elementor-post elementor-grid-item post-738 post type-post status-publish format-standard hentry category-uncategorized-hr\">\n\t\t\t<div class=\"elementor-post__card\">\n\t\t\t\t<div class=\"elementor-post__text\">\n\t\t\t\t<h3 class=\"elementor-post__title\">\n\t\t\t<a href=\"http:\/\/kbc-rijeka.hr\/kibsig\/odrzana-godisnja-isac-konferencija\/\" >\n\t\t\t\tODR\u017dANA GODI\u0160NJA ISAC KONFERENCIJA\t\t\t<\/a>\n\t\t<\/h3>\n\t\t\t\t<div class=\"elementor-post__excerpt\">\n\t\t\t<p>Dana 26. listopada 2021. odr\u017eana je 2. godi\u0161nja ISAC konferencija. Online konferencija organizirana je od strane ISAC-a, uz pomo\u0107 Europske komisije (DG Connect) i agencije<\/p>\n\t\t<\/div>\n\t\t\t\t\t<a class=\"elementor-post__read-more\" href=\"http:\/\/kbc-rijeka.hr\/kibsig\/odrzana-godisnja-isac-konferencija\/\" >\n\t\t\t\tRead more\t\t\t<\/a>\n\t\t\t\t<\/div>\n\t\t\t\t<div class=\"elementor-post__meta-data\">\n\t\t\t\t\t<span class=\"elementor-post-date\">\n\t\t\t11\/22\/2021\t\t<\/span>\n\t\t\t\t<\/div>\n\t\t\t\t\t<\/div>\n\t\t<\/article>\n\t\t\t\t<article class=\"elementor-post elementor-grid-item post-716 post type-post status-publish format-standard hentry\">\n\t\t\t<div class=\"elementor-post__card\">\n\t\t\t\t<div class=\"elementor-post__text\">\n\t\t\t\t<h3 class=\"elementor-post__title\">\n\t\t\t<a href=\"http:\/\/kbc-rijeka.hr\/kibsig\/odrzana-online-radionica-svjesnost-o-situaciji\/\" >\n\t\t\t\tODR\u017dANA ONLINE RADIONICA \u201eSVJESNOST O SITUACIJI\u201c\t\t\t<\/a>\n\t\t<\/h3>\n\t\t\t\t<div class=\"elementor-post__excerpt\">\n\t\t\t<p>Dana 8. listopada 2021. u organizaciji konzorcija Empowering EU ISAC odr\u017eana je online radionica na temu kiberneti\u010dke sigurnosti. Tema radionice je bila razvijanje svjesnosti o situaciji.<\/p>\n\t\t<\/div>\n\t\t\t\t\t<a class=\"elementor-post__read-more\" href=\"http:\/\/kbc-rijeka.hr\/kibsig\/odrzana-online-radionica-svjesnost-o-situaciji\/\" >\n\t\t\t\tRead more\t\t\t<\/a>\n\t\t\t\t<\/div>\n\t\t\t\t<div class=\"elementor-post__meta-data\">\n\t\t\t\t\t<span class=\"elementor-post-date\">\n\t\t\t10\/18\/2021\t\t<\/span>\n\t\t\t\t<\/div>\n\t\t\t\t\t<\/div>\n\t\t<\/article>\n\t\t\t\t<article class=\"elementor-post elementor-grid-item post-701 post type-post status-publish format-standard hentry category-novosti\">\n\t\t\t<div class=\"elementor-post__card\">\n\t\t\t\t<div class=\"elementor-post__text\">\n\t\t\t\t<h3 class=\"elementor-post__title\">\n\t\t\t<a href=\"http:\/\/kbc-rijeka.hr\/kibsig\/odrzana-online-radionica-cyber-threat-intelligence-u-kontekstu-isac-a\/\" >\n\t\t\t\tODR\u017dANA ONLINE RADIONICA \u201eCYBER THREAT INTELLIGENCE U KONTEKSTU ISAC-A\u201c\t\t\t<\/a>\n\t\t<\/h3>\n\t\t\t\t<div class=\"elementor-post__excerpt\">\n\t\t\t<p>Dana 30. rujna 2021. u organizaciji konzorcija Empowering EU ISAC i Europske komisije (DG CONNECT) odr\u017eana je online radionica na temu kiberneti\u010dke sigurnosti. Tema radionice obuhva\u0107ala je CTI \u2013 Cyber Threat Intelligence.<\/p>\n\t\t<\/div>\n\t\t\t\t\t<a class=\"elementor-post__read-more\" href=\"http:\/\/kbc-rijeka.hr\/kibsig\/odrzana-online-radionica-cyber-threat-intelligence-u-kontekstu-isac-a\/\" >\n\t\t\t\tRead more\t\t\t<\/a>\n\t\t\t\t<\/div>\n\t\t\t\t<div class=\"elementor-post__meta-data\">\n\t\t\t\t\t<span class=\"elementor-post-date\">\n\t\t\t10\/18\/2021\t\t<\/span>\n\t\t\t\t<\/div>\n\t\t\t\t\t<\/div>\n\t\t<\/article>\n\t\t\t\t<article class=\"elementor-post elementor-grid-item post-690 post type-post status-publish format-standard hentry\">\n\t\t\t<div class=\"elementor-post__card\">\n\t\t\t\t<div class=\"elementor-post__text\">\n\t\t\t\t<h3 class=\"elementor-post__title\">\n\t\t\t<a href=\"http:\/\/kbc-rijeka.hr\/kibsig\/odrzana-interna-edukativna-radionica-10-09-2021\/\" >\n\t\t\t\tODR\u017dANA INTERNA EDUKATIVNA RADIONICA 10.09.2021.\t\t\t<\/a>\n\t\t<\/h3>\n\t\t\t\t<div class=\"elementor-post__excerpt\">\n\t\t\t<p>Dana 10. rujna 2021. godine u prostorijama Slu\u017ebe za informatiku odr\u017eana je tre\u0107a u nizu edukativnih radionica internog osoblja na temu kiberneti\u010dke sigurnosti. Edukativne radionice odr\u017eavaju se u sklopu aktivnosti \u201eRazvoja interne politike i procedura kiberneti\u010dke sigurnosti\u201c, a namijenjene su djelatnicima svih medicinskih i nemedicinskih organizacijskih jedinica.<\/p>\n\t\t<\/div>\n\t\t\t\t\t<a class=\"elementor-post__read-more\" href=\"http:\/\/kbc-rijeka.hr\/kibsig\/odrzana-interna-edukativna-radionica-10-09-2021\/\" >\n\t\t\t\tRead more\t\t\t<\/a>\n\t\t\t\t<\/div>\n\t\t\t\t<div class=\"elementor-post__meta-data\">\n\t\t\t\t\t<span class=\"elementor-post-date\">\n\t\t\t10\/15\/2021\t\t<\/span>\n\t\t\t\t<\/div>\n\t\t\t\t\t<\/div>\n\t\t<\/article>\n\t\t\t\t<article class=\"elementor-post elementor-grid-item post-654 post type-post status-publish format-standard hentry\">\n\t\t\t<div class=\"elementor-post__card\">\n\t\t\t\t<div class=\"elementor-post__text\">\n\t\t\t\t<h3 class=\"elementor-post__title\">\n\t\t\t<a href=\"http:\/\/kbc-rijeka.hr\/kibsig\/odrzana-online-radionica-how-to-put-cyber-workforce-theory-into-practice\/\" >\n\t\t\t\tODR\u017dANA ONLINE RADIONICA \u201eHOW TO PUT CYBER WORKFORCE THEORY INTO PRACTICE\u201c\t\t\t<\/a>\n\t\t<\/h3>\n\t\t\t\t<div class=\"elementor-post__excerpt\">\n\t\t\t<p>Dana 23. lipnja 2021. u organizaciji konzorcija Empowering EU ISAC i Europske komisije (DG CONNECT) odr\u017eana je online radionica na temu kiberneti\u010dke sigurnosti.<\/p>\n\t\t<\/div>\n\t\t\t\t\t<a class=\"elementor-post__read-more\" href=\"http:\/\/kbc-rijeka.hr\/kibsig\/odrzana-online-radionica-how-to-put-cyber-workforce-theory-into-practice\/\" >\n\t\t\t\tRead more\t\t\t<\/a>\n\t\t\t\t<\/div>\n\t\t\t\t<div class=\"elementor-post__meta-data\">\n\t\t\t\t\t<span class=\"elementor-post-date\">\n\t\t\t07\/01\/2021\t\t<\/span>\n\t\t\t\t<\/div>\n\t\t\t\t\t<\/div>\n\t\t<\/article>\n\t\t\t\t<article class=\"elementor-post elementor-grid-item post-600 post type-post status-publish format-standard hentry\">\n\t\t\t<div class=\"elementor-post__card\">\n\t\t\t\t<div class=\"elementor-post__text\">\n\t\t\t\t<h3 class=\"elementor-post__title\">\n\t\t\t<a href=\"http:\/\/kbc-rijeka.hr\/kibsig\/odrzana-2-interna-edukativna-radionica-26-05-2021\/\" >\n\t\t\t\tODR\u017dANA 2. INTERNA EDUKATIVNA RADIONICA 26. 05. 2021.\t\t\t<\/a>\n\t\t<\/h3>\n\t\t\t\t<div class=\"elementor-post__excerpt\">\n\t\t\t<p>Dana 26. svibnja 2021. godine u prostorijama Slu\u017ebe za informatiku odr\u017eana je druga u nizu edukativnih radionica internog osoblja na temu kiberneti\u010dke sigurnosti.  Tema druge u nizu edukativnih radionica je bila \u201eSiguran rad s bilo kojeg mjesta\u201c<\/p>\n\t\t<\/div>\n\t\t\t\t\t<a class=\"elementor-post__read-more\" href=\"http:\/\/kbc-rijeka.hr\/kibsig\/odrzana-2-interna-edukativna-radionica-26-05-2021\/\" >\n\t\t\t\tRead more\t\t\t<\/a>\n\t\t\t\t<\/div>\n\t\t\t\t<div class=\"elementor-post__meta-data\">\n\t\t\t\t\t<span class=\"elementor-post-date\">\n\t\t\t06\/10\/2021\t\t<\/span>\n\t\t\t\t<\/div>\n\t\t\t\t\t<\/div>\n\t\t<\/article>\n\t\t\t\t<\/div>\n\t\t\t\t<nav class=\"elementor-pagination\" role=\"navigation\" aria-label=\"Pagination\">\n\t\t\t<span aria-current=\"page\" class=\"page-numbers current\"><span class=\"elementor-screen-only\">Page<\/span>1<\/span>\n<a class=\"page-numbers\" href=\"http:\/\/kbc-rijeka.hr\/kibsig\/wp-json\/wp\/v2\/pages\/228\/page\/2\/\"><span class=\"elementor-screen-only\">Page<\/span>2<\/a>\t\t<\/nav>\n\t\t\t\t<\/div>\n\t\t\t\t<\/div>\n\t\t\t\t\t<\/div>\n\t\t<\/div>\n\t\t\t\t\t\t\t<\/div>\n\t\t<\/section>\n\t\t\t\t\t\t\t<\/div>\n\t\t","protected":false},"excerpt":{"rendered":"<p>INCREASING CYBERSECURITY CAPACITY AND NIS DIRECTIVE COMPLIANCE IN CHC RIJEKA 2019-HR-IA-0069<\/p>\n","protected":false},"author":1,"featured_media":0,"parent":0,"menu_order":0,"comment_status":"closed","ping_status":"closed","template":"elementor_header_footer","meta":{"footnotes":""},"_links":{"self":[{"href":"http:\/\/kbc-rijeka.hr\/kibsig\/wp-json\/wp\/v2\/pages\/228"}],"collection":[{"href":"http:\/\/kbc-rijeka.hr\/kibsig\/wp-json\/wp\/v2\/pages"}],"about":[{"href":"http:\/\/kbc-rijeka.hr\/kibsig\/wp-json\/wp\/v2\/types\/page"}],"author":[{"embeddable":true,"href":"http:\/\/kbc-rijeka.hr\/kibsig\/wp-json\/wp\/v2\/users\/1"}],"replies":[{"embeddable":true,"href":"http:\/\/kbc-rijeka.hr\/kibsig\/wp-json\/wp\/v2\/comments?post=228"}],"version-history":[{"count":8,"href":"http:\/\/kbc-rijeka.hr\/kibsig\/wp-json\/wp\/v2\/pages\/228\/revisions"}],"predecessor-version":[{"id":811,"href":"http:\/\/kbc-rijeka.hr\/kibsig\/wp-json\/wp\/v2\/pages\/228\/revisions\/811"}],"wp:attachment":[{"href":"http:\/\/kbc-rijeka.hr\/kibsig\/wp-json\/wp\/v2\/media?parent=228"}],"curies":[{"name":"wp","href":"https:\/\/api.w.org\/{rel}","templated":true}]}}